{"id":929,"date":"2012-11-08T17:57:58","date_gmt":"2012-11-08T17:57:58","guid":{"rendered":"http:\/\/www.groupevocalarcenciel.fr\/?page_id=929"},"modified":"2020-06-02T18:49:16","modified_gmt":"2020-06-02T16:49:16","slug":"conseils-aux-choristes","status":"publish","type":"page","link":"https:\/\/www.groupevocalarcenciel.fr\/?page_id=929","title":{"rendered":"Petits conseils aux choristes"},"content":{"rendered":"<p><strong>Vous trouverez ci-dessous un petit m\u00e9mento concoct\u00e9 par Christine AYMARD reprenant tous les petits conseils utiles \u00e0 toutes et \u00e0 tous pour gagner du temps et &#8230;du plaisir.<\/strong><\/p>\n<p><em><strong>Ce chapitre intitul\u00e9 avec bienveillance &lsquo;Petits conseils&#8230;&rsquo; est \u00e0 lui seul un r\u00e8glement de tenue de sc\u00e8ne du choriste, quel que soit le style du Groupe.<\/strong><\/em><\/p>\n<p style=\"margin-bottom: 0.35cm; border: 1px solid #00000a; padding: 0.04cm 0.14cm; line-height: 115%;\" align=\"justify\"><span style=\"font-family: Georgia,serif;\"><b>Chanter \u2026<\/b><\/span><\/p>\n<p style=\"margin-bottom: 0.35cm; line-height: 115%;\" align=\"justify\"><span style=\"font-family: Georgia,serif;\"> C\u2019est chanter bien entendu mais c\u2019est aussi donner notre travail en spectacle. C\u2019est donc <\/span><span style=\"font-family: Georgia,serif;\"><span style=\"text-decoration: underline;\">nous donner \u00e0 entendre et \u00e0 voir<\/span><\/span><span style=\"font-family: Georgia,serif;\">. Voici quelques points qui illustrent ce vers quoi nous devons tous tendre. <\/span><\/p>\n<p style=\"margin-bottom: 0.35cm; line-height: 115%;\" align=\"justify\"><span style=\"font-family: Georgia,serif;\"><span style=\"text-decoration: underline;\"><b>1-Apprentissage d\u2019un chant<\/b><\/span><\/span><span style=\"font-family: Georgia,serif;\"><span style=\"text-decoration: underline;\">\u00a0: <\/span><\/span><\/p>\n<p style=\"text-indent: 1.25cm; margin-bottom: 0.35cm; line-height: 115%;\" align=\"justify\">\uf0af <span style=\"font-family: Georgia,serif;\">PHASE 1 <\/span><span style=\"font-family: Georgia,serif;\"><b>apprentissage<\/b><\/span><span style=\"font-family: Georgia,serif;\"> des <\/span><span style=\"font-family: Georgia,serif;\"><span style=\"text-decoration: underline;\">paroles<\/span><\/span><span style=\"font-family: Georgia,serif;\"> &lt; de la <\/span><span style=\"font-family: Georgia,serif;\"><span style=\"text-decoration: underline;\">m\u00e9lodie<\/span><\/span><span style=\"font-family: Georgia,serif;\"> &lt; du <\/span><span style=\"font-family: Georgia,serif;\"><span style=\"text-decoration: underline;\">rythme<\/span><\/span><span style=\"font-family: Georgia,serif;\"> &lt; travail en parall\u00e8le de <\/span><span style=\"font-family: Georgia,serif;\"><span style=\"text-decoration: underline;\">l\u2019 interpr\u00e9tation<\/span><\/span><span style=\"font-family: Georgia,serif;\"> qui s\u2019am\u00e9liore au fur et \u00e0 mesure que l\u2019on se d\u00e9tache des \u00e9tapes pr\u00e9c\u00e9dentes . <\/span><\/p>\n<p style=\"text-indent: 1.25cm; margin-bottom: 0.35cm; line-height: 115%;\" align=\"justify\">\uf0af <span style=\"font-family: Georgia,serif;\">PHASE2 <\/span><span style=\"font-family: Wingdings,serif;\">\uf0e8<\/span><span style=\"font-family: Georgia,serif;\">Il faut , maintenant<\/span><span style=\"font-family: Georgia,serif;\"><b>, laisser la partition<\/b><\/span><span style=\"font-family: Georgia,serif;\"> dans le sac\u00a0! L\u00e0 il se passe de nouvelles choses\u00a0: aisance naturelle \u2026 hum\u2026 ou bien , soyons honn\u00eates, surviennent trous de m\u00e9moire, erreurs mais aussit\u00f4t suivis une m\u00e9morisation tr\u00e8s efficace \u00a0! On termine l\u2019apprentissage en se trompant\u00a0!!!!! <\/span><\/p>\n<p style=\"text-indent: 1.25cm; margin-bottom: 0.35cm; line-height: 115%;\" align=\"justify\"><span style=\"font-family: Georgia,serif;\"><b>Lib\u00e9r\u00e9(e) de la partition<\/b><\/span><span style=\"font-family: Georgia,serif;\">, on \u00e9coute mieux autour de soi, on sort ses antennes , on s\u2019appuie sur les voix du pupitre, on prend des rep\u00e8res sur un pupitre voisin, on est beaucoup plus r\u00e9ceptif(ve). Et la chanson est en place assez rapidement et efficacement\u00a0! <\/span><\/p>\n<p style=\"margin-bottom: 0.35cm; line-height: 115%;\" align=\"justify\"><span style=\"font-family: Georgia,serif;\"><span style=\"text-decoration: underline;\"><b>2- Expression du visage<\/b><\/span><\/span><span style=\"font-family: Georgia,serif;\"><span style=\"text-decoration: underline;\">\u00a0:<\/span><\/span><\/p>\n<p style=\"margin-bottom: 0.35cm; line-height: 115%;\" align=\"justify\"><span style=\"font-family: Georgia,serif;\">D\u00e8s que l\u2019on se d\u00e9gage un peu de l\u2019apprentissage, il faut chanter en conscience, v\u00e9rifier que le visage n\u2019est pas crisp\u00e9, qu\u2019il est d\u00e9tendu, souriant selon les chants, expressif , sans donner dans l\u2019exc\u00e8s .<\/span><\/p>\n<p style=\"margin-bottom: 0.35cm; line-height: 115%;\" align=\"justify\"><span style=\"font-family: Georgia,serif;\"><span style=\"text-decoration: underline;\"><b>3-Posture<\/b><\/span><\/span><span style=\"font-family: Georgia,serif;\">\u00a0:<\/span><\/p>\n<p style=\"margin-bottom: 0.35cm; line-height: 115%;\" align=\"justify\"><span style=\"font-family: Georgia,serif;\">La posture doit rester en accord avec l\u2019acte de chanter , en application directe des exercices pr\u00e9conis\u00e9s par Denis ( qui sont difficilement r\u00e9alisables assis, sauf si l\u2019on se tient bien droit sur le bord de la chaise\u2026 ) . Attention \u00e0 ne pas battre la mesure avec le pied, avec la main, ne pas scander le rythme avec son corps. Rester immobile mais souple, d\u00e9tendu(e) . Penser \u00e0 articuler, \u00e0 ouvrir la bouche de l\u2019int\u00e9rieur, \u00e0 ne pas la fermer trop t\u00f4t. <\/span><\/p>\n<p style=\"margin-bottom: 0.35cm; line-height: 115%;\" align=\"justify\"><span style=\"font-family: Georgia,serif;\"><span style=\"text-decoration: underline;\"><b>4- Attitude sur sc\u00e8ne\u00a0:<\/b><\/span><\/span><\/p>\n<p style=\"margin-bottom: 0.35cm; line-height: 115%;\" align=\"justify\"><span style=\"font-family: Georgia,serif;\">Nous avons sur sc\u00e8ne une <\/span><span style=\"font-family: Georgia,serif;\"><span style=\"text-decoration: underline;\">posture de r\u00e9f\u00e9rence<\/span><\/span><span style=\"font-family: Georgia,serif;\"> \u00a0: le <\/span><span style=\"font-family: Georgia,serif;\"><span style=\"text-decoration: underline;\">trois quart<\/span><\/span><span style=\"font-family: Georgia,serif;\"> tourn\u00e9 vers le centre\u00a0, \u00e9paule droite en avant pour altis et basses, gauche en avant pour soprane et t\u00e9nors. Les bras le long du corps, d\u2019une mani\u00e8re naturelle, non crisp\u00e9e, les mains souples , immobiles, les \u00e9paules basses, d\u00e9tendues. Le regard est une de nos forces sur sc\u00e8ne\u00a0: \u00e0 part mise en sc\u00e8ne particuli\u00e8re, il faut regarder les spectateurs, ou plus particuli\u00e8rement fixer un point au fond de la salle, l\u00e9g\u00e8rement au-dessus des t\u00eates. Ne pas changer la direction du regard en chantant. <\/span><\/p>\n<p style=\"margin-bottom: 0.35cm; line-height: 115%;\" align=\"justify\"><span style=\"font-family: Georgia,serif;\">-exemples de postures particuli\u00e8res <\/span><\/p>\n<p style=\"margin-bottom: 0.35cm; line-height: 115%;\" align=\"justify\"><span style=\"font-family: Georgia,serif;\"> -Entr\u00e9e sur <\/span><span style=\"font-family: Georgia,serif;\"><i>No\u00ebl chant d\u2019espoir, <\/i><\/span><span style=\"font-family: Georgia,serif;\">nous marchons avec les mains en coque qui tiennent une bougie dans un petit verre de couleur. L\u2019art est de tenir la bougie afin que le spectateur voit sa lueur (les doigts ne doivent pas trop cacher le verre) et que aucune chevelure de choriste ne s\u2019embrase\u2026 On garde la m\u00eame posture dans la marche, dans les chants jusqu\u2019\u00e0 la fin de \u2026.. o\u00f9 on les fera discr\u00e8tement et rapidement passer devant aux responsables de plateaux . <\/span><\/p>\n<p style=\"margin-bottom: 0.35cm; line-height: 115%;\" align=\"justify\"><span style=\"font-family: Georgia,serif;\"> -Positions particuli\u00e8res\u00a0: certains chants s\u2019interpr\u00e8tent de face, certains en ilots. Certains d\u00e9marrent de dos, de profil\u2026 La mise en sc\u00e8ne sera red\u00e9finie lors des derni\u00e8res r\u00e9p\u00e9titions sur les praticables.<\/span><\/p>\n<p style=\"text-indent: 1.25cm; margin-bottom: 0.35cm; line-height: 115%;\" align=\"justify\"><span style=\"font-family: Georgia,serif;\">-Quand des choristes quittent les praticables pour se placer en avant sc\u00e8ne, il faut avoir le r\u00e9flexe de boucher les espaces vides, tranquillement, dans un petit d\u00e9placement lisse . Toujours garder \u00e0 l\u2019esprit la vision d\u2019ensemble que nous offrons. Quand des choristes int\u00e8grent le groupe entre deux chants, leur laisser une place\u2026 <\/span><\/p>\n<p style=\"margin-bottom: 0.35cm; line-height: 115%;\" align=\"justify\"><span style=\"font-family: Georgia,serif;\"><span style=\"text-decoration: underline;\"><b>QUESTIONS DIVERSES <\/b><\/span><\/span><span style=\"font-family: Georgia,serif;\">que vous vous posez peut-\u00eatre\u2026<\/span><\/p>\n<p style=\"margin-bottom: 0.35cm; line-height: 115%;\" align=\"justify\"><span style=\"font-family: Georgia,serif;\"><span style=\"text-decoration: underline;\">-Comment \u00eatre s\u00fbr(e ) que j\u2019ai une bonne posture pour chanter\u00a0?<\/span><\/span><\/p>\n<p style=\"margin-bottom: 0.35cm; line-height: 115%;\" align=\"justify\"><span style=\"font-family: Georgia,serif;\">Passer en revue son corps, mentalement, de bas en haut et v\u00e9rifier\u00a0: le poids du corps sur le sol, pieds \u00e9cart\u00e9s \u00e0 la largeur du bassin, la souplesse des genoux, du bassin l\u00e9g\u00e8rement r\u00e9tro-vers\u00e9, des \u00e9paules basses, des bras ballants souples mais immobiles, des doigts , du visage d\u00e9tendu , sourcils non crisp\u00e9s (\u00e9carquillez-les si vous avez tendance \u00e0 les serrer ) , une langue mobile , une respiration install\u00e9e dans le ventre ( et non un ventre aux abdos verrouill\u00e9s ) . Ne pas h\u00e9siter entre les chants \u00e0 \u00ab\u00a0pomper\u00a0\u00bb avec les mains pour \u00e9viter les doigts boudin\u00e9s , uniquement dans le noir pour ceux qui sont devant. Tout se voit\u00a0!!!!!<\/span><\/p>\n<p style=\"margin-bottom: 0.35cm; line-height: 115%;\" align=\"justify\"><span style=\"font-family: Georgia,serif;\"><span style=\"text-decoration: underline;\">-Faut-il regarder les autres pour v\u00e9rifier sa posture\u00a0sur sc\u00e8ne? <\/span><\/span><\/p>\n<p style=\"margin-bottom: 0.35cm; line-height: 115%;\" align=\"justify\"><span style=\"font-family: Georgia,serif;\">Oui et non\u00a0!!!! Il ne faut jamais regarder son voisinage car le public voit celui ou celle qui n\u2019a pas la m\u00eame posture que le groupe ou qui est le seul \u00e0 bouger. Il faut regarder dans les coins de son empan visuel, l\u2019air de rien \u2026 En chantant avec la conscience des personnes voisines, on \u00ab\u00a0voit\u00a0\u00bb les moindres mouvements et en plus on sent les respirations de d\u00e9marrage\u00a0qui aident \u00e0 rester synchrones et \u00e0 ne pas d\u00e9marrer seul\u00a0!<\/span><\/p>\n<p style=\"margin-bottom: 0.35cm; line-height: 115%;\" align=\"justify\"><span style=\"font-family: Georgia,serif;\"><span style=\"text-decoration: underline;\">-Que faire quand un soliste chante\u00a0?<\/span><\/span><\/p>\n<p style=\"margin-bottom: 0.35cm; line-height: 115%;\" align=\"justify\"><a name=\"_GoBack\"><\/a> <span style=\"font-family: Georgia,serif;\">Quand un soliste ou un duo\u00a0\/petit groupe chante, notre corps reste dans la position de la chanson mais notre t\u00eate et donc notre regard , sont tourn\u00e9s vers lui. <\/span><\/p>\n<p style=\"margin-bottom: 0.35cm; line-height: 115%;\" align=\"justify\"><span style=\"font-family: Georgia,serif;\"><span style=\"text-decoration: underline;\">-Que faire entre les chants\u00a0? <\/span><\/span><\/p>\n<p style=\"margin-bottom: 0.35cm; line-height: 115%;\" align=\"justify\"><span style=\"font-family: Georgia,serif;\">A la fin d\u2019un chant, on reste quelques instants immobiles sous les applaudissements, puis on prend rapidement la pose pour le chant suivant s\u2019il y a changement et on s\u2019immobile encore. On se met int\u00e9rieurement dans l\u2019ambiance de la chanson \u00e0 venir . <\/span><\/p>\n<p style=\"margin-bottom: 0.35cm; line-height: 115%;\" align=\"justify\"><span style=\"font-family: Georgia,serif;\"><span style=\"text-decoration: underline;\">-Que faire si je ne me rappelle plus la chanson qui vient\u00a0?<\/span><\/span><\/p>\n<p style=\"margin-bottom: 0.35cm; line-height: 115%;\" align=\"justify\"><span style=\"font-family: Georgia,serif;\">Il est bon de conna\u00eetre l\u2019ordre des chansons pour \u00eatre plus \u00e0 son aise . De grandes affiches sont souvent scotch\u00e9es au sol mais non visibles par tous. Eviter les \u00ab\u00a0Qu\u2019est-ce qu\u2019on chante maintenant\u00a0?\u00a0\u00bb qui jaillissent \u00e0 chaque concert\u2026 L\u2019intro musicale devrait raviver la m\u00e9moire et enclencher le chant . Penser \u00e0 ne pas l\u00e2cher le regard du public.<\/span><\/p>\n<p style=\"margin-bottom: 0.35cm; line-height: 115%;\" align=\"justify\"><span style=\"font-family: Georgia,serif;\"><span style=\"text-decoration: underline;\">-Que faire si on s\u2019est tromp\u00e9 de paroles\u00a0? si on a d\u00e9marr\u00e9 seul\u00a0? en retard\u00a0? <\/span><\/span><\/p>\n<p style=\"margin-bottom: 0.35cm; line-height: 115%;\" align=\"justify\"><span style=\"font-family: Georgia,serif;\">Prendre l\u2019air de rien, garder un masque imp\u00e9n\u00e9trable, reprendre le fil de la chanson \u2026 et en rire ensuite en le racontant aux copines ou aux copains\u2026 <\/span><\/p>\n<p style=\"margin-bottom: 0.35cm; line-height: 115%;\" align=\"justify\"><span style=\"font-family: Georgia,serif;\"><span style=\"text-decoration: underline;\">-O\u00f9 regarder quand on chante\u00a0?<\/span><\/span><\/p>\n<p style=\"margin-bottom: 0.35cm; line-height: 115%;\" align=\"justify\"><span style=\"font-family: Georgia,serif;\">D\u00e9j\u00e0 dit\u00a0! G\u00e9n\u00e9ralit\u00e9s\u00a0: on chante regard public, on regarde le soliste quand il chante. Attention on a parfois des bouches ferm\u00e9es ou des paroles sans regarder le public, mais ce sont les exceptions\u00a0qui seront annonc\u00e9es et rappel\u00e9es lors des r\u00e9p\u00e9titions en situation! <\/span><\/p>\n<p style=\"margin-bottom: 0.35cm; line-height: 115%;\" align=\"justify\"><span style=\"font-family: Georgia,serif;\"><span style=\"text-decoration: underline;\">-Que faire quand je reconnais mes amis ou parents dans la salle\u00a0? <\/span><\/span><\/p>\n<p style=\"margin-bottom: 0.35cm; line-height: 115%;\" align=\"justify\"><span style=\"font-family: Georgia,serif;\">Rien\u00a0! Nous avons l\u2019habitude d\u2019une tenue \u00ab\u00a0professionnelle\u00a0\u00bb. On discute et \u00e9change en fin de concert. Pas de gestes de sympathie entre les chants. Pas de coucou avant le spectacle. <\/span><\/p>\n<p style=\"margin-bottom: 0.35cm; line-height: 115%;\" align=\"justify\"><span style=\"font-family: Georgia,serif;\"><span style=\"text-decoration: underline;\">-L\u2019avant concert est-il un moment important\u00a0? <\/span><\/span><\/p>\n<p style=\"margin-bottom: 0.35cm; line-height: 115%;\" align=\"justify\"><span style=\"font-family: Georgia,serif;\">Oui\u00a0! Nous sommes ensemble avant le spectacle, nous nous pomponnons, nous maquillons, buvons quelques boissons. Quelques minutes avant de rentrer sur sc\u00e8ne, il est important de cesser les bavardages, les rires, les t\u00e9moignages bruyants de notre nervosit\u00e9 car ils nous prennent alors beaucoup d\u2019\u00e9nergie . Chacun doit trouver sa respiration, d\u00e9contracter son corps, sa gorge. Nous nous \u00e9chauffons avant de monter sur sc\u00e8ne. <\/span><\/p>\n","protected":false},"excerpt":{"rendered":"<p>Vous trouverez ci-dessous un petit m\u00e9mento concoct\u00e9 par Christine AYMARD reprenant tous les petits conseils utiles \u00e0 toutes et \u00e0 tous pour gagner du temps et &#8230;du plaisir. Ce chapitre intitul\u00e9 avec bienveillance &lsquo;Petits conseils&#8230;&rsquo; est \u00e0 lui seul un &hellip; <a href=\"https:\/\/www.groupevocalarcenciel.fr\/?page_id=929\">Continuer la lecture <span class=\"meta-nav\">&rarr;<\/span><\/a><\/p>\n","protected":false},"author":2,"featured_media":0,"parent":488,"menu_order":10,"comment_status":"closed","ping_status":"closed","template":"","meta":[],"_links":{"self":[{"href":"https:\/\/www.groupevocalarcenciel.fr\/index.php?rest_route=\/wp\/v2\/pages\/929"}],"collection":[{"href":"https:\/\/www.groupevocalarcenciel.fr\/index.php?rest_route=\/wp\/v2\/pages"}],"about":[{"href":"https:\/\/www.groupevocalarcenciel.fr\/index.php?rest_route=\/wp\/v2\/types\/page"}],"author":[{"embeddable":true,"href":"https:\/\/www.groupevocalarcenciel.fr\/index.php?rest_route=\/wp\/v2\/users\/2"}],"replies":[{"embeddable":true,"href":"https:\/\/www.groupevocalarcenciel.fr\/index.php?rest_route=%2Fwp%2Fv2%2Fcomments&post=929"}],"version-history":[{"count":9,"href":"https:\/\/www.groupevocalarcenciel.fr\/index.php?rest_route=\/wp\/v2\/pages\/929\/revisions"}],"predecessor-version":[{"id":3483,"href":"https:\/\/www.groupevocalarcenciel.fr\/index.php?rest_route=\/wp\/v2\/pages\/929\/revisions\/3483"}],"up":[{"embeddable":true,"href":"https:\/\/www.groupevocalarcenciel.fr\/index.php?rest_route=\/wp\/v2\/pages\/488"}],"wp:attachment":[{"href":"https:\/\/www.groupevocalarcenciel.fr\/index.php?rest_route=%2Fwp%2Fv2%2Fmedia&parent=929"}],"curies":[{"name":"wp","href":"https:\/\/api.w.org\/{rel}","templated":true}]}}