{"id":851,"date":"2012-10-22T17:10:06","date_gmt":"2012-10-22T17:10:06","guid":{"rendered":"http:\/\/www.groupevocalarcenciel.fr\/?page_id=851"},"modified":"2016-11-20T15:34:47","modified_gmt":"2016-11-20T15:34:47","slug":"programme-concert-de-noel","status":"publish","type":"page","link":"https:\/\/www.groupevocalarcenciel.fr\/?page_id=851","title":{"rendered":"Programme concert de No\u00ebl"},"content":{"rendered":"<h2><strong>R\u00e9pertoire de chants de No\u00ebl<\/strong><\/h2>\n<p><span style=\"color: #000000;\">No\u00ebl, chant d\u2019espoir<span style=\"font-family: Tahoma;\">\u00a0\u00a0\u00a0\u00a0\u00a0\u00a0\u00a0\u00a0\u00a0\u00a0 <\/span>Traditionnel par\u00a0: N.RIEU, Harm\u00a0: D.LEININGER<\/span><\/p>\n<p><span style=\"color: #000000;\">Douce Nuit<span style=\"font-family: Tahoma;\">\u00a0\u00a0\u00a0\u00a0\u00a0\u00a0\u00a0\u00a0\u00a0\u00a0\u00a0\u00a0\u00a0\u00a0\u00a0\u00a0\u00a0\u00a0\u00a0\u00a0\u00a0\u00a0\u00a0\u00a0\u00a0\u00a0\u00a0\u00a0\u00a0\u00a0\u00a0 <\/span>Traditionnel Harm\u00a0: D.LEININGER<\/span><\/p>\n<p><span style=\"color: #000000;\">Nada te turbe<span style=\"font-family: Tahoma;\">\u00a0\u00a0\u00a0\u00a0\u00a0\u00a0\u00a0\u00a0\u00a0\u00a0\u00a0\u00a0\u00a0\u00a0\u00a0\u00a0\u00a0\u00a0\u00a0 <\/span>J.BERTHIER Par\u00a0: Ste Th\u00e9r\u00e8se d\u2019AVILA<\/span><\/p>\n<p><span style=\"color: #000000;\">La l\u00e9gende de Saint Nicolas\u00a0 Traditionnel, Harm\u00a0: D.LEININGER<img loading=\"lazy\" class=\"alignright size-thumbnail wp-image-852\" title=\"No\u00ebl, chants d'espoir\" src=\"https:\/\/www.groupevocalarcenciel.fr\/wp-content\/uploads\/2012\/10\/Groupe-150x150.jpg\" alt=\"\" width=\"150\" height=\"150\" \/><\/span><\/p>\n<p><span style=\"color: #000000;\">Tibi\u00e9 Pa\u00efom<span style=\"font-family: Tahoma;\">\u00a0\u00a0\u00a0\u00a0\u00a0\u00a0\u00a0\u00a0\u00a0\u00a0\u00a0\u00a0\u00a0\u00a0\u00a0\u00a0\u00a0\u00a0\u00a0\u00a0\u00a0\u00a0 <\/span>Dmytro BORTNIANSKI<\/span><\/p>\n<p><span style=\"font-family: Tahoma; color: #000000;\">L&rsquo;Hymne \u00e0 la Nuit \u00a0\u00a0\u00a0\u00a0\u00a0\u00a0\u00a0\u00a0\u00a0\u00a0\u00a0\u00a0\u00a0\u00a0\u00a0 RAMEAU<\/span><\/p>\n<p><span style=\"color: #000000;\">Jul, jul<span style=\"font-family: Tahoma;\">\u00a0\u00a0\u00a0\u00a0\u00a0\u00a0\u00a0\u00a0\u00a0\u00a0\u00a0\u00a0\u00a0\u00a0\u00a0\u00a0\u00a0\u00a0\u00a0\u00a0\u00a0\u00a0\u00a0\u00a0\u00a0\u00a0\u00a0\u00a0\u00a0 <\/span>Mus\u00a0: Gustaf NORDQUIST, Texte\u00a0: Edward EVERS, Harm : D.LEININGER<\/span><\/p>\n<p><span style=\"color: #000000;\">El Nacimiento<span style=\"font-family: Tahoma;\">\u00a0\u00a0\u00a0\u00a0\u00a0\u00a0\u00a0\u00a0\u00a0\u00a0\u00a0\u00a0\u00a0\u00a0\u00a0\u00a0\u00a0\u00a0\u00a0 <\/span>Par\u00a0: F\u00e9lix LUNA, Mus\u00a0: Ariel RAMIREZ, Harm\u00a0: D.LEININGER<\/span><\/p>\n<p><span style=\"color: #000000;\">La chanson de la fille pauvre<span style=\"font-family: Tahoma;\">\u00a0\u00a0\u00a0\u00a0\u00a0\u00a0 \u00a0 <\/span>Par\u00a0: Pierre VOULAND, Mus\u00a0: G.BONNET, Harm\u00a0: D.LEININGER<\/span><\/p>\n<p><span style=\"color: #000000;\">In Excelsis Gloria<span style=\"font-family: Tahoma;\">\u00a0\u00a0\u00a0\u00a0\u00a0\u00a0\u00a0\u00a0\u00a0\u00a0\u00a0\u00a0\u00a0\u00a0\u00a0\u00a0\u00a0\u00a0\u00a0\u00a0\u00a0\u00a0\u00a0 <\/span>Par\u00a0: Pierre VOULAND, Mus\u00a0: G.BONNET, Harm\u00a0: D.LEININGER<\/span><\/p>\n<p><span style=\"font-family: Tahoma;\"><span style=\"color: #000000;\">\u00a0<\/span><\/span><span style=\"color: #000000;\">Il est n\u00e9 le divin enfant<span style=\"font-family: Tahoma;\">\u00a0\u00a0\u00a0\u00a0\u00a0\u00a0 <\/span>Traditionnel Harm\u00a0: JC.OUDOT<\/span><\/p>\n<p><span style=\"font-family: Tahoma;\"><span style=\"color: #000000;\">\u00a0<\/span><\/span><span style=\"color: #000000;\">Nous sommes trois souverains princes<span style=\"font-family: Tahoma;\">\u00a0 <\/span>Traditionnel, Harm\u00a0: D.LEININGER<\/span><\/p>\n<p><span style=\"color: #000000;\">No\u00ebl blanc<span style=\"font-family: Tahoma;\">\u00a0\u00a0\u00a0\u00a0\u00a0\u00a0\u00a0\u00a0\u00a0\u00a0\u00a0\u00a0\u00a0\u00a0\u00a0\u00a0\u00a0\u00a0\u00a0\u00a0\u00a0\u00a0\u00a0\u00a0 <\/span>Mus\u00a0: Irving BERLING, Harm\u00a0: JC.OUDOT<\/span><\/p>\n<p><span style=\"color: #000000;\">Vive le vent<span style=\"font-family: Tahoma;\">\u00a0\u00a0\u00a0\u00a0\u00a0\u00a0\u00a0\u00a0\u00a0\u00a0\u00a0\u00a0\u00a0\u00a0\u00a0\u00a0\u00a0\u00a0\u00a0\u00a0\u00a0\u00a0 <\/span>Par\u00a0: F.BLANCHE, Mus\u00a0: Rolf MARBOT, Harm\u00a0: JC.OUDOT<\/span><\/p>\n<p><span style=\"color: #000000;\">Criez,Priez<span style=\"font-family: Tahoma;\">\u00a0\u00a0\u00a0\u00a0\u00a0\u00a0\u00a0\u00a0\u00a0\u00a0\u00a0\u00a0\u00a0\u00a0\u00a0\u00a0\u00a0\u00a0\u00a0\u00a0\u00a0\u00a0\u00a0\u00a0 <\/span>Par.Mus\u00a0: J.HIGELIN, Harm\u00a0: JC.OUDOT<\/span><\/p>\n<p><span style=\"color: #000000;\">Petit Papa No\u00ebl<span style=\"font-family: Tahoma;\">\u00a0\u00a0\u00a0\u00a0\u00a0\u00a0\u00a0\u00a0\u00a0\u00a0\u00a0\u00a0\u00a0\u00a0\u00a0\u00a0\u00a0 <\/span>Par\u00a0: Raymond VINCY, Mus\u00a0: Henri MARTINET, Harm\u00a0: D.LEININGER<\/span><\/p>\n<p><span style=\"color: #000000;\">Ay para Navidad<span style=\"font-family: Tahoma;\"> \u00a0\u00a0\u00a0\u00a0\u00a0\u00a0\u00a0\u00a0\u00a0\u00a0\u00a0\u00a0\u00a0\u00a0\u00a0 <\/span>Traditionnel, Harm\u00a0: D.LEININGER<\/span><\/p>\n<p><span style=\"color: #000000;\">Minuit Chr\u00e9tiens<span style=\"font-family: Tahoma;\">\u00a0\u00a0\u00a0\u00a0\u00a0\u00a0\u00a0\u00a0\u00a0\u00a0\u00a0\u00a0\u00a0\u00a0\u00a0\u00a0 <\/span>Par\u00a0: C.De ROQUEMAURE, Mus\u00a0: A.ADAM, Harm\u00a0: JC.OUDOT<\/span><\/p>\n<p>L&rsquo;Hymne des Fraternis\u00e9s \u00a0 \u00a0 \u00a0\u00a0 Mus : Ph.ROMBI, Arrgt : D.LEININGER<\/p>\n<p>Entre le boeuf et l&rsquo;\u00e2ne gris\u00a0\u00a0\u00a0\u00a0 Trad, Arrgt : D.LEININGER<\/p>\n<p>El Noi de la Mare\u00a0\u00a0\u00a0\u00a0\u00a0\u00a0\u00a0\u00a0\u00a0\u00a0\u00a0\u00a0\u00a0\u00a0\u00a0\u00a0\u00a0\u00a0\u00a0\u00a0 Pop catalan, Harm : D.LEININGER.<\/p>\n<p>Floril\u00e8ge de\u00a0 No\u00ebls proven\u00e7aux : Harm : D.LEININGER<\/p>\n<p>&#8211; Pastre pastresso, La cambo me fai mau, Fau an a Betelen, Pastre di mountagno, Un poutoun a l&rsquo;enfant, Canten nouve, Guilhaume Toni Peire, J\u00e9sus est n\u00e9 en Provence<\/p>\n<p>Venez mes enfants\u00a0\u00a0\u00a0\u00a0\u00a0\u00a0\u00a0 Pop alsacien, Harm : C.GEOFFRAY<\/p>\n<p>Adeste Fideles\u00a0\u00a0\u00a0\u00a0\u00a0\u00a0 Mus : J.F WADE, Harm : GOUNOD<\/p>\n<p>Dans une \u00e9table obscure\u00a0\u00a0\u00a0\u00a0\u00a0\u00a0 PRAETORIUS<\/p>\n<p>Les anges dans nos campagnes\u00a0\u00a0\u00a0\u00a0\u00a0\u00a0\u00a0\u00a0\u00a0\u00a0\u00a0 Trad, harm : J.J.OUDOT<\/p>\n<p>Dors ma colombe\u00a0\u00a0\u00a0\u00a0\u00a0\u00a0\u00a0\u00a0\u00a0\u00a0\u00a0\u00a0\u00a0\u00a0\u00a0\u00a0\u00a0\u00a0\u00a0\u00a0\u00a0\u00a0\u00a0\u00a0\u00a0 Trad alsacien, Harm : J.C.OUDOT<\/p>\n<p>&nbsp;<\/p>\n<p>&nbsp;<\/p>\n<p><span style=\"font-family: Tahoma; color: #000000;\">\u00a0<\/span><\/p>\n<p><span style=\"font-family: Tahoma; color: #000000;\">\u00a0<\/span><\/p>\n","protected":false},"excerpt":{"rendered":"<p>R\u00e9pertoire de chants de No\u00ebl No\u00ebl, chant d\u2019espoir\u00a0\u00a0\u00a0\u00a0\u00a0\u00a0\u00a0\u00a0\u00a0\u00a0 Traditionnel par\u00a0: N.RIEU, Harm\u00a0: D.LEININGER Douce Nuit\u00a0\u00a0\u00a0\u00a0\u00a0\u00a0\u00a0\u00a0\u00a0\u00a0\u00a0\u00a0\u00a0\u00a0\u00a0\u00a0\u00a0\u00a0\u00a0\u00a0\u00a0\u00a0\u00a0\u00a0\u00a0\u00a0\u00a0\u00a0\u00a0\u00a0\u00a0 Traditionnel Harm\u00a0: D.LEININGER Nada te turbe\u00a0\u00a0\u00a0\u00a0\u00a0\u00a0\u00a0\u00a0\u00a0\u00a0\u00a0\u00a0\u00a0\u00a0\u00a0\u00a0\u00a0\u00a0\u00a0 J.BERTHIER Par\u00a0: Ste Th\u00e9r\u00e8se d\u2019AVILA La l\u00e9gende de Saint Nicolas\u00a0 Traditionnel, Harm\u00a0: D.LEININGER Tibi\u00e9 Pa\u00efom\u00a0\u00a0\u00a0\u00a0\u00a0\u00a0\u00a0\u00a0\u00a0\u00a0\u00a0\u00a0\u00a0\u00a0\u00a0\u00a0\u00a0\u00a0\u00a0\u00a0\u00a0\u00a0 Dmytro BORTNIANSKI L&rsquo;Hymne \u00e0 &hellip; <a href=\"https:\/\/www.groupevocalarcenciel.fr\/?page_id=851\">Continuer la lecture <span class=\"meta-nav\">&rarr;<\/span><\/a><\/p>\n","protected":false},"author":2,"featured_media":0,"parent":753,"menu_order":2,"comment_status":"closed","ping_status":"closed","template":"","meta":[],"_links":{"self":[{"href":"https:\/\/www.groupevocalarcenciel.fr\/index.php?rest_route=\/wp\/v2\/pages\/851"}],"collection":[{"href":"https:\/\/www.groupevocalarcenciel.fr\/index.php?rest_route=\/wp\/v2\/pages"}],"about":[{"href":"https:\/\/www.groupevocalarcenciel.fr\/index.php?rest_route=\/wp\/v2\/types\/page"}],"author":[{"embeddable":true,"href":"https:\/\/www.groupevocalarcenciel.fr\/index.php?rest_route=\/wp\/v2\/users\/2"}],"replies":[{"embeddable":true,"href":"https:\/\/www.groupevocalarcenciel.fr\/index.php?rest_route=%2Fwp%2Fv2%2Fcomments&post=851"}],"version-history":[{"count":5,"href":"https:\/\/www.groupevocalarcenciel.fr\/index.php?rest_route=\/wp\/v2\/pages\/851\/revisions"}],"predecessor-version":[{"id":2352,"href":"https:\/\/www.groupevocalarcenciel.fr\/index.php?rest_route=\/wp\/v2\/pages\/851\/revisions\/2352"}],"up":[{"embeddable":true,"href":"https:\/\/www.groupevocalarcenciel.fr\/index.php?rest_route=\/wp\/v2\/pages\/753"}],"wp:attachment":[{"href":"https:\/\/www.groupevocalarcenciel.fr\/index.php?rest_route=%2Fwp%2Fv2%2Fmedia&parent=851"}],"curies":[{"name":"wp","href":"https:\/\/api.w.org\/{rel}","templated":true}]}}