{"id":488,"date":"2012-03-24T10:35:59","date_gmt":"2012-03-24T10:35:59","guid":{"rendered":"http:\/\/www.groupevocalarcenciel.fr\/?page_id=488"},"modified":"2015-04-04T16:24:41","modified_gmt":"2015-04-04T16:24:41","slug":"culture-vocale","status":"publish","type":"page","link":"https:\/\/www.groupevocalarcenciel.fr\/?page_id=488","title":{"rendered":"Culture Vocale"},"content":{"rendered":"<p align=\"center\"><strong><em>A L\u2019USAGE<\/em><\/strong><\/p>\n<p align=\"center\"><strong><em>DES CHORISTES ET DES VISITEURS<\/em><\/strong><\/p>\n<p>Tout comme un sportif qui avant de pratiquer une activit\u00e9, pr\u00e9pare son corps, les choristes se doivent \u00e9galement de pr\u00e9parer le leur avant de chanter.<\/p>\n<p>Le corps, me direz-vous? Pour chanter?<\/p>\n<p>Eh oui! Car vous le d\u00e9couvrirez en parcourant les pages associ\u00e9es \u00e0 ce chapitre, tout notre corps nous sert (ou devrait nous servir)\u00a0\u00e0 pratiquer cette belle activit\u00e9 qu&rsquo;est le chant. Le corps aide l&rsquo;esprit \u00e0 s&rsquo;\u00e9panouir. Sans l&rsquo;investissement de tout le corps, nous ne sommes que des\u00a0humains sans vibrations. Et sans vibrations, pas d&rsquo;\u00e9motions&#8230;<\/p>\n<p>Mieux!!! Il serait bon de pratiquer des exercices chaque jour pendant quelques minutes.<\/p>\n<p>Bon travail.<\/p>\n<p>&nbsp;<\/p>\n","protected":false},"excerpt":{"rendered":"<p>A L\u2019USAGE DES CHORISTES ET DES VISITEURS Tout comme un sportif qui avant de pratiquer une activit\u00e9, pr\u00e9pare son corps, les choristes se doivent \u00e9galement de pr\u00e9parer le leur avant de chanter. Le corps, me direz-vous? Pour chanter? Eh oui! &hellip; <a href=\"https:\/\/www.groupevocalarcenciel.fr\/?page_id=488\">Continuer la lecture <span class=\"meta-nav\">&rarr;<\/span><\/a><\/p>\n","protected":false},"author":2,"featured_media":0,"parent":0,"menu_order":45,"comment_status":"closed","ping_status":"closed","template":"","meta":[],"_links":{"self":[{"href":"https:\/\/www.groupevocalarcenciel.fr\/index.php?rest_route=\/wp\/v2\/pages\/488"}],"collection":[{"href":"https:\/\/www.groupevocalarcenciel.fr\/index.php?rest_route=\/wp\/v2\/pages"}],"about":[{"href":"https:\/\/www.groupevocalarcenciel.fr\/index.php?rest_route=\/wp\/v2\/types\/page"}],"author":[{"embeddable":true,"href":"https:\/\/www.groupevocalarcenciel.fr\/index.php?rest_route=\/wp\/v2\/users\/2"}],"replies":[{"embeddable":true,"href":"https:\/\/www.groupevocalarcenciel.fr\/index.php?rest_route=%2Fwp%2Fv2%2Fcomments&post=488"}],"version-history":[{"count":7,"href":"https:\/\/www.groupevocalarcenciel.fr\/index.php?rest_route=\/wp\/v2\/pages\/488\/revisions"}],"predecessor-version":[{"id":762,"href":"https:\/\/www.groupevocalarcenciel.fr\/index.php?rest_route=\/wp\/v2\/pages\/488\/revisions\/762"}],"wp:attachment":[{"href":"https:\/\/www.groupevocalarcenciel.fr\/index.php?rest_route=%2Fwp%2Fv2%2Fmedia&parent=488"}],"curies":[{"name":"wp","href":"https:\/\/api.w.org\/{rel}","templated":true}]}}