{"id":4090,"date":"2024-02-11T12:24:53","date_gmt":"2024-02-11T11:24:53","guid":{"rendered":"https:\/\/www.groupevocalarcenciel.fr\/?page_id=4090"},"modified":"2024-02-11T12:24:53","modified_gmt":"2024-02-11T11:24:53","slug":"guybonnet","status":"publish","type":"page","link":"https:\/\/www.groupevocalarcenciel.fr\/?page_id=4090","title":{"rendered":"GuyBONNET"},"content":{"rendered":"\n<h2><strong>Une bien triste nouvelle vient de tomber.<\/strong><\/h2>\n\n\n\n<h2><strong>Notre ami Guy BONNET vient de s\u2019\u00e9teindre.<\/strong><\/h2>\n\n\n\n<h2><strong>Nous avons chant\u00e9 ensemble pendant plusieurs ann\u00e9es. Il nous a fait voyager dans son r\u00e9pertoire et dans toute la Provence&nbsp; avec grand plaisir. Nous n\u2019oublierons pas tout ce qu\u2019il a apport\u00e9 au Groupe et qui nous a enrichis.<\/strong><\/h2>\n\n\n\n<h2><strong>A Dieu, Guy!<\/strong><\/h2>\n\n\n<div class=\"wp-block-image\">\n<figure class=\"aligncenter\"><img loading=\"lazy\" width=\"800\" height=\"674\" src=\"https:\/\/www.groupevocalarcenciel.fr\/wp-content\/uploads\/2024\/01\/Guy_Claudine.jpg\" alt=\"\" class=\"wp-image-4067\" srcset=\"https:\/\/www.groupevocalarcenciel.fr\/wp-content\/uploads\/2024\/01\/Guy_Claudine.jpg 800w, https:\/\/www.groupevocalarcenciel.fr\/wp-content\/uploads\/2024\/01\/Guy_Claudine-300x253.jpg 300w, https:\/\/www.groupevocalarcenciel.fr\/wp-content\/uploads\/2024\/01\/Guy_Claudine-768x647.jpg 768w\" sizes=\"(max-width: 800px) 100vw, 800px\" \/><\/figure><\/div>\n\n\n<h2><strong>A Courth\u00e9zon avec 200 choristes et Claudine SCOLARI.<\/strong><\/h2>\n\n\n<div class=\"wp-block-image\">\n<figure class=\"aligncenter\"><img loading=\"lazy\" width=\"800\" height=\"459\" src=\"https:\/\/www.groupevocalarcenciel.fr\/wp-content\/uploads\/2024\/01\/Guy_Nicole_Andre.jpg\" alt=\"\" class=\"wp-image-4068\" srcset=\"https:\/\/www.groupevocalarcenciel.fr\/wp-content\/uploads\/2024\/01\/Guy_Nicole_Andre.jpg 800w, https:\/\/www.groupevocalarcenciel.fr\/wp-content\/uploads\/2024\/01\/Guy_Nicole_Andre-300x172.jpg 300w, https:\/\/www.groupevocalarcenciel.fr\/wp-content\/uploads\/2024\/01\/Guy_Nicole_Andre-768x441.jpg 768w\" sizes=\"(max-width: 800px) 100vw, 800px\" \/><\/figure><\/div>\n\n\n<h2><strong>Avec Nicole RIEU et Andr\u00e9 CHIRON.<\/strong><\/h2>\n\n\n\n<h2><strong>Que de beaux moments!<\/strong><\/h2>\n\n\n\n<h2><\/h2>\n\n\n\n<h2><img loading=\"lazy\" src=\"https:\/\/www.groupevocalarcenciel.fr\/wp-content\/uploads\/2020\/07\/LOGO_AEC_20170404_V1-Officiel.jpg\" alt=\"\" width=\"218\" height=\"169\" srcset=\"https:\/\/www.groupevocalarcenciel.fr\/wp-content\/uploads\/2020\/07\/LOGO_AEC_20170404_V1-Officiel.jpg 573w, https:\/\/www.groupevocalarcenciel.fr\/wp-content\/uploads\/2020\/07\/LOGO_AEC_20170404_V1-Officiel-300x233.jpg 300w\"><\/h2>\n\n\n\n<h2><\/h2>\n","protected":false},"excerpt":{"rendered":"<p>Une bien triste nouvelle vient de tomber. Notre ami Guy BONNET vient de s\u2019\u00e9teindre. Nous avons chant\u00e9 ensemble pendant plusieurs ann\u00e9es. Il nous a fait voyager dans son r\u00e9pertoire et dans toute la Provence&nbsp; avec grand plaisir. Nous n\u2019oublierons pas &hellip; <a href=\"https:\/\/www.groupevocalarcenciel.fr\/?page_id=4090\">Continuer la lecture <span class=\"meta-nav\">&rarr;<\/span><\/a><\/p>\n","protected":false},"author":2,"featured_media":0,"parent":3465,"menu_order":0,"comment_status":"closed","ping_status":"closed","template":"","meta":[],"_links":{"self":[{"href":"https:\/\/www.groupevocalarcenciel.fr\/index.php?rest_route=\/wp\/v2\/pages\/4090"}],"collection":[{"href":"https:\/\/www.groupevocalarcenciel.fr\/index.php?rest_route=\/wp\/v2\/pages"}],"about":[{"href":"https:\/\/www.groupevocalarcenciel.fr\/index.php?rest_route=\/wp\/v2\/types\/page"}],"author":[{"embeddable":true,"href":"https:\/\/www.groupevocalarcenciel.fr\/index.php?rest_route=\/wp\/v2\/users\/2"}],"replies":[{"embeddable":true,"href":"https:\/\/www.groupevocalarcenciel.fr\/index.php?rest_route=%2Fwp%2Fv2%2Fcomments&post=4090"}],"version-history":[{"count":1,"href":"https:\/\/www.groupevocalarcenciel.fr\/index.php?rest_route=\/wp\/v2\/pages\/4090\/revisions"}],"predecessor-version":[{"id":4091,"href":"https:\/\/www.groupevocalarcenciel.fr\/index.php?rest_route=\/wp\/v2\/pages\/4090\/revisions\/4091"}],"up":[{"embeddable":true,"href":"https:\/\/www.groupevocalarcenciel.fr\/index.php?rest_route=\/wp\/v2\/pages\/3465"}],"wp:attachment":[{"href":"https:\/\/www.groupevocalarcenciel.fr\/index.php?rest_route=%2Fwp%2Fv2%2Fmedia&parent=4090"}],"curies":[{"name":"wp","href":"https:\/\/api.w.org\/{rel}","templated":true}]}}