{"id":4088,"date":"2024-02-11T12:21:34","date_gmt":"2024-02-11T11:21:34","guid":{"rendered":"https:\/\/www.groupevocalarcenciel.fr\/?page_id=4088"},"modified":"2024-02-11T12:29:58","modified_gmt":"2024-02-11T11:29:58","slug":"concerts","status":"publish","type":"page","link":"https:\/\/www.groupevocalarcenciel.fr\/?page_id=4088","title":{"rendered":"CONCERTS"},"content":{"rendered":"\n<p><strong>Extrait de la pr\u00e9sentation du spectacle de Guy en 1999.<\/strong><\/p>\n\n\n\n<p>\u2018<strong>Le Groupe Vocal ARC en CIEL est le nouveau venu dans ce spectacle. Il apporte toute la qualit\u00e9 de ses arrangements vocaux et de sa tenue de sc\u00e8ne irr\u00e9prochable.<\/strong><\/p>\n\n\n\n<p><strong>C\u2019est un enrichissement musical incontestable et une dimension suppl\u00e9mentaire pour les chansons de Guy BONNET&#8230;ne jamais se contenter de l\u2019acquis, mais toujours essayer de progresser, telle pourrait \u00eatre la devise de Guy BONNET, du \u2018Riban de Prouven\u00e7o\u2019 et \u2018ARC en Ciel\u2019.<\/strong><\/p>\n\n\n\n<p><strong>7 juin 1997, Concert Nicole RIEU <\/strong><strong>\u00e0 CH\u00c2TEAURENARD<\/strong><strong>, <\/strong><strong>rencontre avec Guy BONNET<\/strong><\/p>\n\n\n\n<p>1 mai 1999, pr\u00e9sentation du CD \u2018Reine\u2019 au Patio de CHICO                  ARLES<\/p>\n\n\n\n<p>4 juillet 1999 Th\u00e9\u00e2tre antique                                                                       ARLES<\/p>\n\n\n\n<p>5 juin 1999 \u2018\u00e0 Ch\u0153ur ouvert\u2019                                                                         CH\u00c2TEAURENARD<\/p>\n\n\n\n<p>3 juillet 2000, aux ar\u00e8nes                                                                              CH\u00c2TEAURENARD<\/p>\n\n\n\n<p>29 juillet 2000                                                                                                  SAINTE-TULLE<\/p>\n\n\n\n<p>11, 12 f\u00e9vrier 2000                                                                                           LES ANGLES (30)<\/p>\n\n\n\n<p>23 octobre 1999 Salle BENO\u00ceT XII                                                              AVIGNON<\/p>\n\n\n\n<p>5 mai 2000 Op\u00e9ra                                                                                            AVIGNON<\/p>\n\n\n\n<p>19 janvier 2000                                                                                                 EGUILLES<\/p>\n\n\n\n<p>26 mai 2000 Cheval passion Palais des expositions                                 AVIGNON<\/p>\n\n\n\n<p>5 ao\u00fbt 2000 parc JOURDAN                                                                         AIX EN PROVENCE<\/p>\n\n\n\n<p>11 ao\u00fbt 2000                                                                                                       LE THOR<\/p>\n\n\n\n<p>2 septembre Th\u00e9\u00e2tre de verdure                                                                    CAVAILLON<\/p>\n\n\n\n<p>9 juin 2001                                                                                                         ALLAUCH<\/p>\n\n\n\n<p>13 juillet 2001                                                                                                    LAUDUN<\/p>\n\n\n\n<p>4 f\u00e9vrier 2001                                                                                                    CH\u00c2TEAURENARD<\/p>\n\n\n\n<p>7 avril 2001                                                                                           CH\u00c2TEAUNEUF DE  GADAGNE<\/p>\n\n\n\n<p>7 juillet 2001 Palais du ROURE (8 de Ch\u0153ur)                                           AVIGNON<\/p>\n\n\n\n<p>27\/07\/2001                                                                                                        NOVES<\/p>\n\n\n\n<p>02 ao\u00fbt 2001 (8 de Ch\u0153ur)                                                                             BALARUC<\/p>\n\n\n\n<p>30 septembre 2001 Ar\u00e8nes                                                                              ARLES<\/p>\n\n\n\n<p>6 octobre 2001                                                                                       SAINTE C\u00c9CILE LES VIGNES<\/p>\n\n\n\n<p>21 d\u00e9cembre 2001                                                                                             COIGNI\u00c8RES (78)<\/p>\n\n\n\n<p>23 d\u00e9cembre 2001                                                                                             MIRAMAS<\/p>\n\n\n\n<p>12 juillet 2002                                                                                                     ALLAUCH<\/p>\n\n\n\n<p>3 ao\u00fbt 2002                                                                                                          CAVAILLON<\/p>\n\n\n\n<p>29 novembre 2002                                                                                             TARASCON<\/p>\n\n\n\n<p>26 janvier 2003                                                                                                   CH\u00c2TEAURENARD<\/p>\n\n\n\n<p>01 mars 2003                                                                                                       ROGNONAS<\/p>\n\n\n\n<p>15 ao\u00fbt 2003                                                                                                         SAULT<\/p>\n\n\n\n<p>5 octobre 2003                                                                                                      ARLES<\/p>\n\n\n\n<p>24 octobre 2003                                                                                                    SENAS<\/p>\n\n\n\n<p>9 d\u00e9cembre 2003                                                                                                  CH\u00c2TEAURENARD<\/p>\n\n\n\n<p>20 d\u00e9cembre 2003 (8 de Ch\u0153ur)                                                                      SAINT-RAPHA\u00cbL<\/p>\n\n\n\n<p>28 d\u00e9cembre 2003                                                                                               MOLL\u00c9G\u00c8S<\/p>\n\n\n\n<p>17 janvier 2004                                                                                                     COURTH\u00c9ZON<\/p>\n\n\n\n<p>24 janvier 2004                                                                                                    CORBI\u00c8RES<\/p>\n\n\n\n<p>14 f\u00e9vrier 2204                                                                                                      CAROMB<\/p>\n\n\n\n<p>21 juillet 2004                                                                                                       MAILLANE<\/p>\n\n\n\n<p>24 juillet 2004                                                                                                      BRIGNOLLES<\/p>\n\n\n\n<p>31 juillet 2004                                                                                                       DERBOUX (84)<\/p>\n\n\n\n<p>5 ao\u00fbt 2004                                                                                                            ARLES<\/p>\n\n\n\n<p>6 ao\u00fbt 2004                                                                                                MIRABEL AUX BARONNIES<\/p>\n\n\n\n<p>14 novembre 2004                                                                                               SAINT ANDIOL<\/p>\n\n\n\n<p>20-21 novembre 2004                                                                                        ANDLAU (67)<\/p>\n\n\n\n<p>3 d\u00e9cembre 2004 CD Pr\u00e9sentation du No\u00ebl                                                   CH\u00c2TEAURENARD<\/p>\n\n\n\n<p>4 d\u00e9cembre 2004                                                                                                  VALREAS<\/p>\n\n\n\n<p>19 d\u00e9cembre 2004                                                                                                EGUILLES<\/p>\n\n\n\n<p>11 d\u00e9cembre 2004 Pr\u00e9sentation du CD de No\u00ebl, Beno\u00eet XII                        AVIGNON<\/p>\n\n\n\n<p>9 avril 2005                                                                                                            PUGET SUR ARGENS<\/p>\n\n\n\n<p>22 juillet 2005 ar\u00e8nes (premi\u00e8re partie d\u2019I MUVRINI)                                ARLES<\/p>\n\n\n\n<p>31 juillet 2005                                                                                                        PLAISIANS (26)<\/p>\n\n\n\n<p>16 d\u00e9cembre 2005                                                                                                 FOS SUR MER<\/p>\n\n\n\n<p>23 d\u00e9cembre 2005                                                                                                 ROCBARON (83)<\/p>\n\n\n\n<p>3 septembre 2006 Place du Palais                                                                      AVIGNON<\/p>\n\n\n\n<p>6 octobre 2006                                                                                   SAINT PRIVAT DE CHAMPCLOS (30)<\/p>\n\n\n\n<p>3 novembre 2006                                                                                                    MONTFAVET<\/p>\n\n\n\n<p>8 f\u00e9vrier 2006 Th\u00e9\u00e2tre du Ch\u00eane Noir (Guy, Andr\u00e9, Nicole)                         AVIGNON<\/p>\n\n\n\n<p>9 f\u00e9vrier 2006 Th\u00e9\u00e2tre du Ch\u00eane Noir (Guy, Andr\u00e9, Nicole)                          AVIGNON<\/p>\n\n\n\n<p>4 mars 2006 (200 choristes)                                                                                  COURTHEZON<\/p>\n\n\n\n<p>26 mars 2006 (Guy, Andr\u00e9, Nicole)                                                                      CH\u00c2TEAURENARD<\/p>\n\n\n\n<p>13 mars 2007 Pr\u00e9sentation du CD de G Bonnet                                                  MONTFAVET<\/p>\n\n\n\n<p>17 juin 2007 (Guy, Andr\u00e9, Nicole)                                                                          MONTEUX<\/p>\n\n\n\n<p>21 juillet 2007 ar\u00e8nes (premi\u00e8re partie de C.NUNEZ)                                       ARLES<\/p>\n\n\n\n<p>21 d\u00e9cembre 2007                                                                                                      SAINT CHAMAS<\/p>\n\n\n\n<p>22 d\u00e9cembre 2007 (8 de Ch\u0153ur)                                                                            SAINT RAPHA\u00cbL<\/p>\n\n\n\n<p>10 f\u00e9vrier 2008 (Guy, Andr\u00e9, Nicole)                                                                     COURTHEZON<\/p>\n\n\n\n<p>13 d\u00e9cembre 2008                                                                                                      BOLL\u00c8NE<\/p>\n\n\n\n<p>8 mars 2009                                                                                                                VERQUI\u00c8RES<\/p>\n\n\n\n<p>21 mai 2009                                                                                          CH\u00c2TEAUNEUF DE GADAGNE<\/p>\n\n\n\n<p>13 juillet 2009 (Guy, Andr\u00e9, Nicole)                                                                       FONTVIEILLE<\/p>\n\n\n\n<p>11 d\u00e9cembre 2009                                                                                                      SALINDRES (30)<\/p>\n\n\n\n<p>13 d\u00e9cembre 2009                                                                                                      VALREAS<\/p>\n\n\n\n<p>20 d\u00e9cembre 2009                                                                                                      BEAUCAIRE<\/p>\n\n\n\n<p>1 octobre 2016 40 ans de carri\u00e8re de Guy                                                              MONTFAVET<\/p>\n\n\n\n<p>D\u00e9cembre 2017 derni\u00e8re collaboration avec Guy                                                 VALREAS<\/p>\n\n\n\n<h1><\/h1>\n\n\n<div class=\"wp-block-image\">\n<figure class=\"aligncenter\"><a href=\"https:\/\/www.groupevocalarcenciel.fr\/wp-content\/uploads\/2017\/03\/Photo_Guy_Site.jpg\"><img loading=\"lazy\" width=\"650\" height=\"435\" src=\"https:\/\/www.groupevocalarcenciel.fr\/wp-content\/uploads\/2017\/03\/Photo_Guy_Site.jpg\" alt=\"Photo_Guy_Site\" class=\"wp-image-2676\" srcset=\"https:\/\/www.groupevocalarcenciel.fr\/wp-content\/uploads\/2017\/03\/Photo_Guy_Site.jpg 650w, https:\/\/www.groupevocalarcenciel.fr\/wp-content\/uploads\/2017\/03\/Photo_Guy_Site-300x200.jpg 300w\" sizes=\"(max-width: 650px) 100vw, 650px\" \/><\/a><\/figure><\/div>\n\n\n<figure class=\"wp-block-image\"><img loading=\"lazy\" width=\"900\" height=\"360\" src=\"https:\/\/www.groupevocalarcenciel.fr\/wp-content\/uploads\/2020\/06\/ArCielCourthezon005.jpg\" alt=\"\" class=\"wp-image-3501\" srcset=\"https:\/\/www.groupevocalarcenciel.fr\/wp-content\/uploads\/2020\/06\/ArCielCourthezon005.jpg 900w, https:\/\/www.groupevocalarcenciel.fr\/wp-content\/uploads\/2020\/06\/ArCielCourthezon005-300x120.jpg 300w, https:\/\/www.groupevocalarcenciel.fr\/wp-content\/uploads\/2020\/06\/ArCielCourthezon005-768x307.jpg 768w\" sizes=\"(max-width: 900px) 100vw, 900px\" \/><figcaption>Concert \u00e0 Courth\u00e9zon avec 210 choristes, Guy BONNET et Claudine SCOLARI apr\u00e8s avoir chant\u00e9 en premi\u00e8re partie d\u2019I MUVRINI dans les ar\u00e8nes d\u2019Arles.<\/figcaption><\/figure>\n","protected":false},"excerpt":{"rendered":"<p>Extrait de la pr\u00e9sentation du spectacle de Guy en 1999. \u2018Le Groupe Vocal ARC en CIEL est le nouveau venu dans ce spectacle. Il apporte toute la qualit\u00e9 de ses arrangements vocaux et de sa tenue de sc\u00e8ne irr\u00e9prochable. C\u2019est &hellip; <a href=\"https:\/\/www.groupevocalarcenciel.fr\/?page_id=4088\">Continuer la lecture <span class=\"meta-nav\">&rarr;<\/span><\/a><\/p>\n","protected":false},"author":2,"featured_media":0,"parent":4084,"menu_order":0,"comment_status":"closed","ping_status":"closed","template":"","meta":[],"_links":{"self":[{"href":"https:\/\/www.groupevocalarcenciel.fr\/index.php?rest_route=\/wp\/v2\/pages\/4088"}],"collection":[{"href":"https:\/\/www.groupevocalarcenciel.fr\/index.php?rest_route=\/wp\/v2\/pages"}],"about":[{"href":"https:\/\/www.groupevocalarcenciel.fr\/index.php?rest_route=\/wp\/v2\/types\/page"}],"author":[{"embeddable":true,"href":"https:\/\/www.groupevocalarcenciel.fr\/index.php?rest_route=\/wp\/v2\/users\/2"}],"replies":[{"embeddable":true,"href":"https:\/\/www.groupevocalarcenciel.fr\/index.php?rest_route=%2Fwp%2Fv2%2Fcomments&post=4088"}],"version-history":[{"count":2,"href":"https:\/\/www.groupevocalarcenciel.fr\/index.php?rest_route=\/wp\/v2\/pages\/4088\/revisions"}],"predecessor-version":[{"id":4096,"href":"https:\/\/www.groupevocalarcenciel.fr\/index.php?rest_route=\/wp\/v2\/pages\/4088\/revisions\/4096"}],"up":[{"embeddable":true,"href":"https:\/\/www.groupevocalarcenciel.fr\/index.php?rest_route=\/wp\/v2\/pages\/4084"}],"wp:attachment":[{"href":"https:\/\/www.groupevocalarcenciel.fr\/index.php?rest_route=%2Fwp%2Fv2%2Fmedia&parent=4088"}],"curies":[{"name":"wp","href":"https:\/\/api.w.org\/{rel}","templated":true}]}}