{"id":408,"date":"2012-02-29T09:32:51","date_gmt":"2012-02-29T09:32:51","guid":{"rendered":"http:\/\/www.groupevocalarcenciel.fr\/?page_id=408"},"modified":"2026-02-24T12:18:38","modified_gmt":"2026-02-24T11:18:38","slug":"lequipe","status":"publish","type":"page","link":"https:\/\/www.groupevocalarcenciel.fr\/?page_id=408","title":{"rendered":"Le Conseil d&rsquo;Administration"},"content":{"rendered":"<p><strong>Composition du Conseil d&rsquo;Administration saison 2026-2027 non d\u00e9finitif<\/strong><\/p>\n<p><strong>-Pr\u00e9sidente : Sophie ROUX<br \/><\/strong><\/p>\n<p><strong>&#8211; Secr\u00e9taire : Roselyne RIEUX<\/strong><\/p>\n<p><strong>&#8211; Tr\u00e9sori\u00e8re : Nadine CHABANNE<\/strong><\/p>\n<p><strong>&#8211; Autres Membres :<\/strong><\/p>\n<ul>\n<li>H\u00e9l\u00e8ne MILORD<\/li>\n<li>Dani\u00e8le CABASSUD<\/li>\n<li>Yvette FAURE<\/li>\n<li>Robert SEISSON<\/li>\n<\/ul>\n<p>\u00a0<\/p>\n\n\n<p><\/p>\n\n\n\n<p><\/p>\n","protected":false},"excerpt":{"rendered":"<p>Composition du Conseil d&rsquo;Administration saison 2026-2027 non d\u00e9finitif -Pr\u00e9sidente : Sophie ROUX &#8211; Secr\u00e9taire : Roselyne RIEUX &#8211; Tr\u00e9sori\u00e8re : Nadine CHABANNE &#8211; Autres Membres : H\u00e9l\u00e8ne MILORD Dani\u00e8le CABASSUD Yvette FAURE Robert SEISSON \u00a0<\/p>\n","protected":false},"author":2,"featured_media":0,"parent":33,"menu_order":15,"comment_status":"closed","ping_status":"closed","template":"","meta":[],"_links":{"self":[{"href":"https:\/\/www.groupevocalarcenciel.fr\/index.php?rest_route=\/wp\/v2\/pages\/408"}],"collection":[{"href":"https:\/\/www.groupevocalarcenciel.fr\/index.php?rest_route=\/wp\/v2\/pages"}],"about":[{"href":"https:\/\/www.groupevocalarcenciel.fr\/index.php?rest_route=\/wp\/v2\/types\/page"}],"author":[{"embeddable":true,"href":"https:\/\/www.groupevocalarcenciel.fr\/index.php?rest_route=\/wp\/v2\/users\/2"}],"replies":[{"embeddable":true,"href":"https:\/\/www.groupevocalarcenciel.fr\/index.php?rest_route=%2Fwp%2Fv2%2Fcomments&post=408"}],"version-history":[{"count":33,"href":"https:\/\/www.groupevocalarcenciel.fr\/index.php?rest_route=\/wp\/v2\/pages\/408\/revisions"}],"predecessor-version":[{"id":4160,"href":"https:\/\/www.groupevocalarcenciel.fr\/index.php?rest_route=\/wp\/v2\/pages\/408\/revisions\/4160"}],"up":[{"embeddable":true,"href":"https:\/\/www.groupevocalarcenciel.fr\/index.php?rest_route=\/wp\/v2\/pages\/33"}],"wp:attachment":[{"href":"https:\/\/www.groupevocalarcenciel.fr\/index.php?rest_route=%2Fwp%2Fv2%2Fmedia&parent=408"}],"curies":[{"name":"wp","href":"https:\/\/api.w.org\/{rel}","templated":true}]}}