{"id":4042,"date":"2023-10-10T16:22:59","date_gmt":"2023-10-10T14:22:59","guid":{"rendered":"https:\/\/www.groupevocalarcenciel.fr\/?page_id=4042"},"modified":"2024-02-11T12:35:17","modified_gmt":"2024-02-11T11:35:17","slug":"temoignage","status":"publish","type":"page","link":"https:\/\/www.groupevocalarcenciel.fr\/?page_id=4042","title":{"rendered":"T\u00e9moignage"},"content":{"rendered":"\n<p>Bonjour Roselyne,<\/p>\n\n\n\n<p>Tout d&rsquo;abord, recevez toutes mes excusess pour cette r\u00e9ponse tardive ; J&rsquo;ai longtemps gard\u00e9 ce message en m\u00e9moire, sans l&rsquo;envoyer&#8230;<\/p>\n\n\n\n<p>Touch\u00e9 bien \u00e9videmment par votre message, je garde un excellent souvenir de cette journ\u00e9e pass\u00e9e en compagnie de votre groupe, de Parlaren Mouten, et surtout de Robert Cr\u00e9gut.<\/p>\n\n\n\n<p>Je me souviendrai longtemps de la force, la facilit\u00e9 aussi, avec laquelle les chants de votre groupe ont su nous emporter, nous d\u00e9tacher de cette salle, de notre journ\u00e9e, de notre quotidien, juste gr\u00e2ce \u00e0 vos voix tant appr\u00e9ci\u00e9es.<\/p>\n\n\n\n<p>Votre groupe forme un magnifique ensemble qui m\u00e9rite d&rsquo;\u00eatre encore plus connu, prescrit de part la qualit\u00e9 et la justesse de vos interpr\u00e9tations.<\/p>\n\n\n\n<p>Heureusement pour Parlaren, c&rsquo;est Robert Cr\u00e9gut qui vous avait prescrit, qui avait port\u00e9 si bien, si haut, vos couleurs.<\/p>\n\n\n\n<p>Baignant, cependant, dans le b\u00e9n\u00e9volat depuis des d\u00e9cennies, il m&rsquo;\u00e9tait &#8211;<em>et il m&rsquo;est toujours<\/em>&#8211; inconcevable d&rsquo;imaginer, de penser, qu&rsquo;un accueil caf\u00e9-biscuits, ch\u00e2taignes-canons de ros\u00e9 puissent suffire \u00e0 un remerciement mat\u00e9riel de votre venue (transport, d\u00e9placement et spectacle d&rsquo;une telle qualit\u00e9). N&rsquo;en d\u00e9plaise, soit dit en passant, \u00e0 certains \u00ab\u00a0responsables\u00a0\u00bb d&rsquo;associations.<\/p>\n\n\n\n<p>Ces quelques bouteilles sauront se marier avec d&rsquo;autres victuailles, lorsque votre groupe d\u00e9cidera de passer un bon moment de convivialit\u00e9.&nbsp; Je ne suis pas inquiet !<\/p>\n\n\n\n<p>La convivialit\u00e9, la counvivenco comme on dit chez nous, convivialit\u00e9 que nous appr\u00e9cions tant&nbsp;en la pr\u00e9sence,&nbsp;en compagnie&nbsp;de Robert Cr\u00e9gut.<\/p>\n\n\n\n<p>Remercier le b\u00e9n\u00e9volat, savoir le reconna\u00eetre et pousser, s&rsquo;il le faut, avec des petits gestes, lorsque la r\u00e9ponse n&rsquo;est pas \u00e0 la hauteur&#8230;<\/p>\n\n\n\n<p><strong><em>Merci donc \u00e0 vous, \u00e0 votre groupe, sans oublier Robert Cr\u00e9gut&nbsp;pour ce si bon moment !<\/em><\/strong><\/p>\n\n\n\n<p><strong><em>Chaleureusement,<\/em><\/strong><\/p>\n\n\n\n<p><em>Olivier.<\/em><\/p>\n","protected":false},"excerpt":{"rendered":"<p>Bonjour Roselyne, Tout d&rsquo;abord, recevez toutes mes excusess pour cette r\u00e9ponse tardive ; J&rsquo;ai longtemps gard\u00e9 ce message en m\u00e9moire, sans l&rsquo;envoyer&#8230; Touch\u00e9 bien \u00e9videmment par votre message, je garde un excellent souvenir de cette journ\u00e9e pass\u00e9e en compagnie de &hellip; <a href=\"https:\/\/www.groupevocalarcenciel.fr\/?page_id=4042\">Continuer la lecture <span class=\"meta-nav\">&rarr;<\/span><\/a><\/p>\n","protected":false},"author":2,"featured_media":0,"parent":0,"menu_order":800,"comment_status":"closed","ping_status":"closed","template":"","meta":[],"_links":{"self":[{"href":"https:\/\/www.groupevocalarcenciel.fr\/index.php?rest_route=\/wp\/v2\/pages\/4042"}],"collection":[{"href":"https:\/\/www.groupevocalarcenciel.fr\/index.php?rest_route=\/wp\/v2\/pages"}],"about":[{"href":"https:\/\/www.groupevocalarcenciel.fr\/index.php?rest_route=\/wp\/v2\/types\/page"}],"author":[{"embeddable":true,"href":"https:\/\/www.groupevocalarcenciel.fr\/index.php?rest_route=\/wp\/v2\/users\/2"}],"replies":[{"embeddable":true,"href":"https:\/\/www.groupevocalarcenciel.fr\/index.php?rest_route=%2Fwp%2Fv2%2Fcomments&post=4042"}],"version-history":[{"count":1,"href":"https:\/\/www.groupevocalarcenciel.fr\/index.php?rest_route=\/wp\/v2\/pages\/4042\/revisions"}],"predecessor-version":[{"id":4043,"href":"https:\/\/www.groupevocalarcenciel.fr\/index.php?rest_route=\/wp\/v2\/pages\/4042\/revisions\/4043"}],"wp:attachment":[{"href":"https:\/\/www.groupevocalarcenciel.fr\/index.php?rest_route=%2Fwp%2Fv2%2Fmedia&parent=4042"}],"curies":[{"name":"wp","href":"https:\/\/api.w.org\/{rel}","templated":true}]}}