{"id":3859,"date":"2022-10-04T15:08:50","date_gmt":"2022-10-04T13:08:50","guid":{"rendered":"http:\/\/www.groupevocalarcenciel.fr\/?page_id=3859"},"modified":"2024-02-11T12:25:20","modified_gmt":"2024-02-11T11:25:20","slug":"claude-martel","status":"publish","type":"page","link":"https:\/\/www.groupevocalarcenciel.fr\/?page_id=3859","title":{"rendered":"Claude Martel"},"content":{"rendered":"\n<h1>Un ami, Claude Martel , r\u00e9gisseur lumi\u00e8re du Groupe \u00e0 sa cr\u00e9ation et pendant de longues ann\u00e9es nous a quitt\u00e9s dans la nuit du 19 au 20 septembre.<\/h1>\n\n\n\n<h1>Pendant ses mandats de Conseiller Municipal, il avait soutenu le Groupe Vocal comme d&rsquo;autres qui nous ont \u00e9galement quitt\u00e9s. Nous lui devons entre autres, la construction de la Salle du R\u00e9al qui nous permet de r\u00e9p\u00e9ter dans des conditions que beaucoup nous envient. Nous ne l&rsquo;oublierons pas. A droite sur la photo.<\/h1>\n\n\n\n<figure class=\"wp-block-image size-full\"><a href=\"https:\/\/www.groupevocalarcenciel.fr\/wp-content\/uploads\/2022\/10\/Equipe_technique_reduite-1.jpg\"><img loading=\"lazy\" width=\"500\" height=\"258\" src=\"https:\/\/www.groupevocalarcenciel.fr\/wp-content\/uploads\/2022\/10\/Equipe_technique_reduite-1.jpg\" alt=\"\" class=\"wp-image-3865\" srcset=\"https:\/\/www.groupevocalarcenciel.fr\/wp-content\/uploads\/2022\/10\/Equipe_technique_reduite-1.jpg 500w, https:\/\/www.groupevocalarcenciel.fr\/wp-content\/uploads\/2022\/10\/Equipe_technique_reduite-1-300x155.jpg 300w\" sizes=\"(max-width: 500px) 100vw, 500px\" \/><\/a><\/figure>\n","protected":false},"excerpt":{"rendered":"<p>Un ami, Claude Martel , r\u00e9gisseur lumi\u00e8re du Groupe \u00e0 sa cr\u00e9ation et pendant de longues ann\u00e9es nous a quitt\u00e9s dans la nuit du 19 au 20 septembre. Pendant ses mandats de Conseiller Municipal, il avait soutenu le Groupe Vocal &hellip; <a href=\"https:\/\/www.groupevocalarcenciel.fr\/?page_id=3859\">Continuer la lecture <span class=\"meta-nav\">&rarr;<\/span><\/a><\/p>\n","protected":false},"author":2,"featured_media":0,"parent":3465,"menu_order":1,"comment_status":"closed","ping_status":"closed","template":"","meta":[],"_links":{"self":[{"href":"https:\/\/www.groupevocalarcenciel.fr\/index.php?rest_route=\/wp\/v2\/pages\/3859"}],"collection":[{"href":"https:\/\/www.groupevocalarcenciel.fr\/index.php?rest_route=\/wp\/v2\/pages"}],"about":[{"href":"https:\/\/www.groupevocalarcenciel.fr\/index.php?rest_route=\/wp\/v2\/types\/page"}],"author":[{"embeddable":true,"href":"https:\/\/www.groupevocalarcenciel.fr\/index.php?rest_route=\/wp\/v2\/users\/2"}],"replies":[{"embeddable":true,"href":"https:\/\/www.groupevocalarcenciel.fr\/index.php?rest_route=%2Fwp%2Fv2%2Fcomments&post=3859"}],"version-history":[{"count":3,"href":"https:\/\/www.groupevocalarcenciel.fr\/index.php?rest_route=\/wp\/v2\/pages\/3859\/revisions"}],"predecessor-version":[{"id":3866,"href":"https:\/\/www.groupevocalarcenciel.fr\/index.php?rest_route=\/wp\/v2\/pages\/3859\/revisions\/3866"}],"up":[{"embeddable":true,"href":"https:\/\/www.groupevocalarcenciel.fr\/index.php?rest_route=\/wp\/v2\/pages\/3465"}],"wp:attachment":[{"href":"https:\/\/www.groupevocalarcenciel.fr\/index.php?rest_route=%2Fwp%2Fv2%2Fmedia&parent=3859"}],"curies":[{"name":"wp","href":"https:\/\/api.w.org\/{rel}","templated":true}]}}