{"id":385,"date":"2012-02-22T10:43:05","date_gmt":"2012-02-22T10:43:05","guid":{"rendered":"http:\/\/www.groupevocalarcenciel.fr\/?page_id=385"},"modified":"2026-02-05T12:07:15","modified_gmt":"2026-02-05T11:07:15","slug":"carte_visite","status":"publish","type":"page","link":"https:\/\/www.groupevocalarcenciel.fr\/","title":{"rendered":""},"content":{"rendered":"<h1 dir=\"auto\"><strong><span style=\"color: #0000ff;\">Le Groupe Vocal ARC en CIEL a repris ses activit\u00e9 vendredi 30 janvier.<\/span><\/strong><\/h1>\n<h1><span style=\"color: #0000ff;\">Un nouveau Chef de Choeur a rejoint le Groupe, Didier LEBOUCHER, musicien professionnel,\u00a0<\/span> <span style=\"color: #0000ff;\">\u00e9clectique.<\/span><\/h1>\n<h1><strong><span style=\"color: #ff0000;\">Nouvel \u00e9lan, nouveau r\u00e9pertoire, nouvelles techniques, nouvelles ambitions.<\/span><\/strong><\/h1>\n<h1><span style=\"color: #0000ff;\">Rejoignez le Groupe. (Contactez la Pr\u00e9sidente pour vous faire conna\u00eetre).<\/span><\/h1>\n<h1><span style=\"color: #0000ff;\">Le nouveau Chef de Choeur, Didier LEBOUCHER :<\/span><\/h1>\n<p><img loading=\"lazy\" class=\"aligncenter size-full wp-image-4145\" src=\"https:\/\/www.groupevocalarcenciel.fr\/wp-content\/uploads\/2026\/02\/Didier_Keboucher_2.jpg\" alt=\"\" width=\"400\" height=\"589\" srcset=\"https:\/\/www.groupevocalarcenciel.fr\/wp-content\/uploads\/2026\/02\/Didier_Keboucher_2.jpg 400w, https:\/\/www.groupevocalarcenciel.fr\/wp-content\/uploads\/2026\/02\/Didier_Keboucher_2-204x300.jpg 204w\" sizes=\"(max-width: 400px) 100vw, 400px\" \/><\/p>\n<p><strong style=\"font-size: 2.4em;\"><span style=\"color: #0000ff;\">le Groupe Vocal r\u00e9p\u00e8te chaque vendredi \u00e0 partir de 20h30 Salle du R\u00e9al.<\/span><\/strong><\/p>\n<h2><strong>\u00a0<\/strong><\/h2>\n<h2><\/h2>\n<h3><\/h3>\n<h2><img loading=\"lazy\" class=\"aligncenter  wp-image-3537\" src=\"https:\/\/www.groupevocalarcenciel.fr\/wp-content\/uploads\/2020\/07\/LOGO_AEC_20170404_V1-Officiel.jpg\" alt=\"\" width=\"218\" height=\"169\" srcset=\"https:\/\/www.groupevocalarcenciel.fr\/wp-content\/uploads\/2020\/07\/LOGO_AEC_20170404_V1-Officiel.jpg 573w, https:\/\/www.groupevocalarcenciel.fr\/wp-content\/uploads\/2020\/07\/LOGO_AEC_20170404_V1-Officiel-300x233.jpg 300w\" sizes=\"(max-width: 218px) 100vw, 218px\" \/><\/h2>\n<h2><\/h2>\n<p><strong><span style=\"color: #0000ff;\">\u00a0<\/span><\/strong><\/p>\n<h2><\/h2>\n<h3><strong>\u00a0<\/strong><\/h3>\n<address><span style=\"color: #000080;\">\u00a0<\/span><\/address>\n<address>\u00a0<\/address>\n<address>\u00a0<\/address>\n<address>\u00a0<\/address>\n<address>\u00a0<\/address>\n<address>\u00a0<\/address>\n<address>\u00a0<\/address>\n<address>\u00a0<\/address>\n<address>\u00a0<\/address>\n<address>\u00a0<\/address>\n<address>\u00a0<\/address>\n<address>\u00a0<\/address>\n<address>\u00a0<\/address>\n<address>\u00a0<\/address>\n<address><span style=\"color: #000080;\">\u00a0<\/span><\/address>\n<address>\u00a0<\/address>\n","protected":false},"excerpt":{"rendered":"<p>Le Groupe Vocal ARC en CIEL a repris ses activit\u00e9 vendredi 30 janvier. Un nouveau Chef de Choeur a rejoint le Groupe, Didier LEBOUCHER, musicien professionnel,\u00a0 \u00e9clectique. Nouvel \u00e9lan, nouveau r\u00e9pertoire, nouvelles techniques, nouvelles ambitions. Rejoignez le Groupe. (Contactez la &hellip; <a href=\"https:\/\/www.groupevocalarcenciel.fr\/\">Continuer la lecture <span class=\"meta-nav\">&rarr;<\/span><\/a><\/p>\n","protected":false},"author":2,"featured_media":0,"parent":0,"menu_order":0,"comment_status":"closed","ping_status":"closed","template":"","meta":[],"_links":{"self":[{"href":"https:\/\/www.groupevocalarcenciel.fr\/index.php?rest_route=\/wp\/v2\/pages\/385"}],"collection":[{"href":"https:\/\/www.groupevocalarcenciel.fr\/index.php?rest_route=\/wp\/v2\/pages"}],"about":[{"href":"https:\/\/www.groupevocalarcenciel.fr\/index.php?rest_route=\/wp\/v2\/types\/page"}],"author":[{"embeddable":true,"href":"https:\/\/www.groupevocalarcenciel.fr\/index.php?rest_route=\/wp\/v2\/users\/2"}],"replies":[{"embeddable":true,"href":"https:\/\/www.groupevocalarcenciel.fr\/index.php?rest_route=%2Fwp%2Fv2%2Fcomments&post=385"}],"version-history":[{"count":463,"href":"https:\/\/www.groupevocalarcenciel.fr\/index.php?rest_route=\/wp\/v2\/pages\/385\/revisions"}],"predecessor-version":[{"id":4147,"href":"https:\/\/www.groupevocalarcenciel.fr\/index.php?rest_route=\/wp\/v2\/pages\/385\/revisions\/4147"}],"wp:attachment":[{"href":"https:\/\/www.groupevocalarcenciel.fr\/index.php?rest_route=%2Fwp%2Fv2%2Fmedia&parent=385"}],"curies":[{"name":"wp","href":"https:\/\/api.w.org\/{rel}","templated":true}]}}