{"id":363,"date":"2012-02-11T08:08:48","date_gmt":"2012-02-11T08:08:48","guid":{"rendered":"http:\/\/www.groupevocalarcenciel.fr\/?page_id=363"},"modified":"2017-03-22T21:52:47","modified_gmt":"2017-03-22T21:52:47","slug":"a-quoi-sert-une-chanson-nouveau-repertoire","status":"publish","type":"page","link":"https:\/\/www.groupevocalarcenciel.fr\/?page_id=363","title":{"rendered":"La chanson, Art Mineur?"},"content":{"rendered":"<div>\n<h3><\/h3>\n<h3>\u00a0<strong><span style=\"color: #0000ff;\">&lsquo;La Chanson, Art Mineur?&rsquo;<\/span><\/strong><\/h3>\n<p><a href=\"https:\/\/www.groupevocalarcenciel.fr\/wp-content\/uploads\/2012\/02\/35150-0.jpg\"><img loading=\"lazy\" class=\"aligncenter size-full wp-image-2643\" src=\"https:\/\/www.groupevocalarcenciel.fr\/wp-content\/uploads\/2012\/02\/35150-0.jpg\" alt=\"35150-0\" width=\"1801\" height=\"2528\" srcset=\"https:\/\/www.groupevocalarcenciel.fr\/wp-content\/uploads\/2012\/02\/35150-0.jpg 1801w, https:\/\/www.groupevocalarcenciel.fr\/wp-content\/uploads\/2012\/02\/35150-0-213x300.jpg 213w, https:\/\/www.groupevocalarcenciel.fr\/wp-content\/uploads\/2012\/02\/35150-0-729x1024.jpg 729w\" sizes=\"(max-width: 1801px) 100vw, 1801px\" \/><\/a><\/p>\n<h3><strong>Vecteur d&rsquo;id\u00e9es, de sentiments, d&rsquo;\u00e9motions profondes, d\u00e9chir\u00e9es&#8230; Facile, complexe, kleenex, la Chanson nous accompagne dans notre vie quotidienne. Mais &lsquo;A quoi sert une chanson si elle est d\u00e9sarm\u00e9e?&rsquo;<\/strong><\/h3>\n<ul>\n<li><strong>L\u2019\u00e2me des po\u00e8tes<\/strong> \u2013 Charles Trenet \u2013 Harm. Denis Leininger<\/li>\n<\/ul>\n<ul>\n<li><strong>Au clair de ma plume<\/strong> \u2013 Jean Jacques Goldman \u2013 Harm. Sylvain Tardy<\/li>\n<\/ul>\n<ul>\n<li><strong>Les mots magiques<\/strong> \u2013 Anne Sylvestre \u2013 Harm. Denis Leininger<\/li>\n<\/ul>\n<ul>\n<li><strong>Les comptines<\/strong> \u2013 Romain Didier \u2013 Harm. Denis Leininger<\/li>\n<\/ul>\n<ul>\n<li><strong>La langue de chez nous<\/strong> \u2013 Yves Duteil \u2013 Harm. Jean-Claude Oudot<\/li>\n<\/ul>\n<ul>\n<li><strong>Ma m\u00e9lodie<\/strong> \u2013 Mathieu Chedid \u2013 Harm. Brice Baillon<\/li>\n<\/ul>\n<ul>\n<li><strong>La chanson des vieux amants<\/strong> \u2013 Jacques Brel\/Jacques Jouannest \u2013 Harm. JC Oudot<\/li>\n<\/ul>\n<ul>\n<li><strong>My song of you<\/strong> \u2013 Alain Souchon\/Laurent Voulzy \u2013 Harm. Xavier Vidic<\/li>\n<\/ul>\n<ul>\n<li><strong>Sur toi<\/strong> \u2013 Zazie \u2013 Harm. Denis Leininger<\/li>\n<\/ul>\n<ul>\n<li><strong>A la volont\u00e9 du peuple<\/strong> \u2013 Alain Boublil\/Claude Michel Schonberg \u2013 Harm. JC Oudot<\/li>\n<\/ul>\n<ul>\n<li><strong>Librement<\/strong> \u2013 Michel Fugain \u2013 Harm. Jean-Claude Oudot<\/li>\n<\/ul>\n<ul>\n<li><strong>Alexis m\u2019attend<\/strong> \u2013 Philippe Lafontaine \u2013 Harm. Jean-Claude Oudot<\/li>\n<\/ul>\n<ul>\n<li><strong>La qu\u00eate<\/strong> \u2013 Jacques Brel \u2013 Harm. Jean-Claude Oudot<\/li>\n<\/ul>\n<ul>\n<li><strong>Le chemin de Papa<\/strong> \u2013 Pierre Delano\u00eb\/Joe Dassin \u2013 Harm. Denis Leininger<\/li>\n<\/ul>\n<ul>\n<li><strong>S.D.F.<\/strong> \u2013 Allain Leprest\/Romain Didier \u2013 Harm. Denis Leininger<\/li>\n<\/ul>\n<ul>\n<li><strong>J\u00e9sus<\/strong> \u2013 Alain Souchon\/Laurent Voulzy \u2013 Harm. Sylvain Tardy<\/li>\n<\/ul>\n<ul>\n<li><strong>Medley\u00a0Travail<\/strong>\u00a0: Harm. Denis LEININGER<\/li>\n<\/ul>\n<p>-Travailler c\u2019est trop dur \u2013 Zacharie Richard<\/p>\n<p>-Le travail, c\u2019est la sant\u00e9 \u2013 Maurice Pon\/Henri Salvador<\/p>\n<p>-Merci Patron \u2013 G\u00e9rard Rinaldi\/Luis Rego<\/p>\n<p>-Poil dans la main \u2013 Jacques Higelin<\/p>\n<p>-Les mains d\u2019or \u2013 Bernard Lavilliers\/Pascal Arroyo<\/p>\n<ul>\n<li><strong>Y\u2019a du Trenet dans l\u2019air<\/strong> \u2013 Charles Trenet \u2013 Harm. Jean-Claude Oudot<\/li>\n<\/ul>\n<ul>\n<li><strong>Utile<\/strong> \u2013 Etienne Roda-Gil\/Julien Clerc \u2013 Harm. Georges Chevalley<\/li>\n<\/ul>\n<ul>\n<li><strong>J\u2019irai chanter<\/strong> \u2013 Gilbert Lafaille\/Michel Fugain<\/li>\n<\/ul>\n<ul>\n<li><strong>Chanter<\/strong> \u2013 Lionel Florence\/Pascal Obispo \u2013 Harm. Jean-Claude Oudot<\/li>\n<\/ul>\n<ul>\n<li><strong>Bravo et Merci<\/strong> \u2013 Yves Duteil\/Michel Fugain<\/li>\n<\/ul>\n<ul>\n<li><strong>Demain sera parfait<\/strong> \u2013 Jean-Louis Aubert \u2013 Harm. Martin Le Ray<\/li>\n<\/ul>\n<ul>\n<li><strong>Allez savoir pourquoi<\/strong> \u2013 Jean-Pierre Calvet\/Jean Broussolle \u2013 Gilles Julien<\/li>\n<\/ul>\n<\/div>\n<p>Hors concert:<\/p>\n<ul>\n<li>MA FRANCE Harm : R.PULCINI (J.FERRAT)<\/li>\n<li>JE N&rsquo;AURAI PAS LE TEMPS Harm : D.LEININGER (M.FUGAIN)<\/li>\n<li>FOULE SENTIMENTALE\u00a0 Harm : M.SCHWINGROUBER<\/li>\n<li>CHANTER N.Rieu\u00a0 Harm\u00a0 : D.LEININGER<\/li>\n<\/ul>\n","protected":false},"excerpt":{"rendered":"<p>\u00a0&lsquo;La Chanson, Art Mineur?&rsquo; Vecteur d&rsquo;id\u00e9es, de sentiments, d&rsquo;\u00e9motions profondes, d\u00e9chir\u00e9es&#8230; Facile, complexe, kleenex, la Chanson nous accompagne dans notre vie quotidienne. Mais &lsquo;A quoi sert une chanson si elle est d\u00e9sarm\u00e9e?&rsquo; L\u2019\u00e2me des po\u00e8tes \u2013 Charles Trenet \u2013 Harm. &hellip; <a href=\"https:\/\/www.groupevocalarcenciel.fr\/?page_id=363\">Continuer la lecture <span class=\"meta-nav\">&rarr;<\/span><\/a><\/p>\n","protected":false},"author":2,"featured_media":0,"parent":753,"menu_order":1,"comment_status":"closed","ping_status":"closed","template":"","meta":[],"_links":{"self":[{"href":"https:\/\/www.groupevocalarcenciel.fr\/index.php?rest_route=\/wp\/v2\/pages\/363"}],"collection":[{"href":"https:\/\/www.groupevocalarcenciel.fr\/index.php?rest_route=\/wp\/v2\/pages"}],"about":[{"href":"https:\/\/www.groupevocalarcenciel.fr\/index.php?rest_route=\/wp\/v2\/types\/page"}],"author":[{"embeddable":true,"href":"https:\/\/www.groupevocalarcenciel.fr\/index.php?rest_route=\/wp\/v2\/users\/2"}],"replies":[{"embeddable":true,"href":"https:\/\/www.groupevocalarcenciel.fr\/index.php?rest_route=%2Fwp%2Fv2%2Fcomments&post=363"}],"version-history":[{"count":40,"href":"https:\/\/www.groupevocalarcenciel.fr\/index.php?rest_route=\/wp\/v2\/pages\/363\/revisions"}],"predecessor-version":[{"id":2645,"href":"https:\/\/www.groupevocalarcenciel.fr\/index.php?rest_route=\/wp\/v2\/pages\/363\/revisions\/2645"}],"up":[{"embeddable":true,"href":"https:\/\/www.groupevocalarcenciel.fr\/index.php?rest_route=\/wp\/v2\/pages\/753"}],"wp:attachment":[{"href":"https:\/\/www.groupevocalarcenciel.fr\/index.php?rest_route=%2Fwp%2Fv2%2Fmedia&parent=363"}],"curies":[{"name":"wp","href":"https:\/\/api.w.org\/{rel}","templated":true}]}}