{"id":3510,"date":"2020-06-28T16:52:53","date_gmt":"2020-06-28T14:52:53","guid":{"rendered":"http:\/\/www.groupevocalarcenciel.fr\/?page_id=3510"},"modified":"2021-11-20T11:40:38","modified_gmt":"2021-11-20T10:40:38","slug":"soiree-du-26-juin","status":"publish","type":"page","link":"https:\/\/www.groupevocalarcenciel.fr\/?page_id=3510","title":{"rendered":"Soir\u00e9e du 26 juin 2021"},"content":{"rendered":"\n<p>Quelques petits extraits (merci Monique). D\u00e9marrage froid&#8230;c&rsquo;est dur pour un diesel.<\/p>\n\n\n\n<p>Apr\u00e8s trois mois d&rsquo;\u00e9loignement, nous ne savons pas encore quand nous nous retrouverons \u00e0 nouveau et dans quelles conditions.<\/p>\n\n\n\n<p>En attendant, astiquons nos cordes (vocales), aff\u00fbtons nos paroles, profitons des petits exercices que Christine nous a gentiment envoy\u00e9s pendant le confinement. Soyons pr\u00eats et au top pour la reprise.<\/p>\n","protected":false},"excerpt":{"rendered":"<p>Quelques petits extraits (merci Monique). D\u00e9marrage froid&#8230;c&rsquo;est dur pour un diesel. Apr\u00e8s trois mois d&rsquo;\u00e9loignement, nous ne savons pas encore quand nous nous retrouverons \u00e0 nouveau et dans quelles conditions. En attendant, astiquons nos cordes (vocales), aff\u00fbtons nos paroles, profitons &hellip; <a href=\"https:\/\/www.groupevocalarcenciel.fr\/?page_id=3510\">Continuer la lecture <span class=\"meta-nav\">&rarr;<\/span><\/a><\/p>\n","protected":false},"author":2,"featured_media":0,"parent":0,"menu_order":500,"comment_status":"closed","ping_status":"closed","template":"","meta":[],"_links":{"self":[{"href":"https:\/\/www.groupevocalarcenciel.fr\/index.php?rest_route=\/wp\/v2\/pages\/3510"}],"collection":[{"href":"https:\/\/www.groupevocalarcenciel.fr\/index.php?rest_route=\/wp\/v2\/pages"}],"about":[{"href":"https:\/\/www.groupevocalarcenciel.fr\/index.php?rest_route=\/wp\/v2\/types\/page"}],"author":[{"embeddable":true,"href":"https:\/\/www.groupevocalarcenciel.fr\/index.php?rest_route=\/wp\/v2\/users\/2"}],"replies":[{"embeddable":true,"href":"https:\/\/www.groupevocalarcenciel.fr\/index.php?rest_route=%2Fwp%2Fv2%2Fcomments&post=3510"}],"version-history":[{"count":3,"href":"https:\/\/www.groupevocalarcenciel.fr\/index.php?rest_route=\/wp\/v2\/pages\/3510\/revisions"}],"predecessor-version":[{"id":3715,"href":"https:\/\/www.groupevocalarcenciel.fr\/index.php?rest_route=\/wp\/v2\/pages\/3510\/revisions\/3715"}],"wp:attachment":[{"href":"https:\/\/www.groupevocalarcenciel.fr\/index.php?rest_route=%2Fwp%2Fv2%2Fmedia&parent=3510"}],"curies":[{"name":"wp","href":"https:\/\/api.w.org\/{rel}","templated":true}]}}