{"id":3272,"date":"2019-10-17T18:40:00","date_gmt":"2019-10-17T16:40:00","guid":{"rendered":"http:\/\/www.groupevocalarcenciel.fr\/?page_id=3272"},"modified":"2024-02-11T12:27:27","modified_gmt":"2024-02-11T11:27:27","slug":"adieu-rene-mella","status":"publish","type":"page","link":"https:\/\/www.groupevocalarcenciel.fr\/?page_id=3272","title":{"rendered":"Ren\u00e9 MELLA"},"content":{"rendered":"<div class=\"wp-block-image\">\n<figure class=\"aligncenter\"><img loading=\"lazy\" width=\"576\" height=\"384\" src=\"https:\/\/www.groupevocalarcenciel.fr\/wp-content\/uploads\/2019\/10\/image0101-NW.jpg\" alt=\"\" class=\"wp-image-3263\" srcset=\"https:\/\/www.groupevocalarcenciel.fr\/wp-content\/uploads\/2019\/10\/image0101-NW.jpg 576w, https:\/\/www.groupevocalarcenciel.fr\/wp-content\/uploads\/2019\/10\/image0101-NW-300x200.jpg 300w\" sizes=\"(max-width: 576px) 100vw, 576px\" \/><\/figure><\/div>\n\n\n<p><strong>Le 30 septembre, nous avons appris une triste nouvelle.<\/strong><\/p>\n\n\n\n<p><strong>Notre ami chanteur Ren\u00e9 MELLA nous a quitt\u00e9s. Sa vie s&rsquo;est arr\u00eat\u00e9e en chemin.<\/strong><\/p>\n\n\n\n<p><strong>Nous avions chant\u00e9 avec lui et ses amis \u00e0 la Salle de l\u2019\u00c9toile il y plusieurs ann\u00e9es, dans un Medley de titres interpr\u00e9t\u00e9s par les Compagnons de la Chanson. Gaston, l&rsquo;avant dernier Compagnon encore pr\u00e9sent avait tenu \u00e0 participer \u00e0 cet \u00e9v\u00e8nement en tant que musicien et pas n\u2019importe quel musicien! Adieu Ren\u00e9.<\/strong><\/p>\n\n\n\n<p><\/p>\n","protected":false},"excerpt":{"rendered":"<p>Le 30 septembre, nous avons appris une triste nouvelle. Notre ami chanteur Ren\u00e9 MELLA nous a quitt\u00e9s. Sa vie s&rsquo;est arr\u00eat\u00e9e en chemin. Nous avions chant\u00e9 avec lui et ses amis \u00e0 la Salle de l\u2019\u00c9toile il y plusieurs ann\u00e9es, &hellip; <a href=\"https:\/\/www.groupevocalarcenciel.fr\/?page_id=3272\">Continuer la lecture <span class=\"meta-nav\">&rarr;<\/span><\/a><\/p>\n","protected":false},"author":2,"featured_media":0,"parent":3465,"menu_order":10,"comment_status":"closed","ping_status":"closed","template":"","meta":[],"_links":{"self":[{"href":"https:\/\/www.groupevocalarcenciel.fr\/index.php?rest_route=\/wp\/v2\/pages\/3272"}],"collection":[{"href":"https:\/\/www.groupevocalarcenciel.fr\/index.php?rest_route=\/wp\/v2\/pages"}],"about":[{"href":"https:\/\/www.groupevocalarcenciel.fr\/index.php?rest_route=\/wp\/v2\/types\/page"}],"author":[{"embeddable":true,"href":"https:\/\/www.groupevocalarcenciel.fr\/index.php?rest_route=\/wp\/v2\/users\/2"}],"replies":[{"embeddable":true,"href":"https:\/\/www.groupevocalarcenciel.fr\/index.php?rest_route=%2Fwp%2Fv2%2Fcomments&post=3272"}],"version-history":[{"count":2,"href":"https:\/\/www.groupevocalarcenciel.fr\/index.php?rest_route=\/wp\/v2\/pages\/3272\/revisions"}],"predecessor-version":[{"id":4094,"href":"https:\/\/www.groupevocalarcenciel.fr\/index.php?rest_route=\/wp\/v2\/pages\/3272\/revisions\/4094"}],"up":[{"embeddable":true,"href":"https:\/\/www.groupevocalarcenciel.fr\/index.php?rest_route=\/wp\/v2\/pages\/3465"}],"wp:attachment":[{"href":"https:\/\/www.groupevocalarcenciel.fr\/index.php?rest_route=%2Fwp%2Fv2%2Fmedia&parent=3272"}],"curies":[{"name":"wp","href":"https:\/\/api.w.org\/{rel}","templated":true}]}}