{"id":3160,"date":"2018-12-04T11:46:05","date_gmt":"2018-12-04T11:46:05","guid":{"rendered":"http:\/\/www.groupevocalarcenciel.fr\/?page_id=3160"},"modified":"2026-02-24T12:29:11","modified_gmt":"2026-02-24T11:29:11","slug":"fonctionnement_adhesion_tenue","status":"publish","type":"page","link":"https:\/\/www.groupevocalarcenciel.fr\/?page_id=3160","title":{"rendered":"Adh\u00e9sion_Tenue"},"content":{"rendered":"<p><strong>Vous pouvez \u00e0 tout moment de l&rsquo;ann\u00e9e adh\u00e9rer et participer \u00e0 l&rsquo;activit\u00e9 du Groupe Vocal.<\/strong><\/p>\n<p><strong>Co\u00fbt de l&rsquo;adh\u00e9sion :<\/strong><\/p>\n<p>En cours de d\u00e9cision.<\/p>\n<p><strong>Que comprend le montant de la cotisation :<\/strong><\/p>\n<p>&#8211; La fourniture des partitions, sauf les partitions d\u00e9j\u00e0 travaill\u00e9es par le Groupe les saisons pr\u00e9c\u00e9dentes.<\/p>\n<p>&#8211; L&rsquo;assurance responsabilit\u00e9 civile du Groupe.<\/p>\n<p>&#8211; Les ap\u00e9ros!<\/p>\n<p><strong>A charge des choristes :<\/strong><\/p>\n<p><strong>&#8211; LA TENUE:<\/strong><\/p>\n<p><strong>\u00a0 Dames :<\/strong><\/p>\n<p><strong>&#8211; Hiver :<\/strong> costume pantalon noir\u00a0 veste noire, top de <strong>couleur vive fluide<\/strong> ou chemisier noir \u00e0 manches longues, chaussures ferm\u00e9es noires (<strong>hauts talons, bottes s&rsquo;abstenir<\/strong>), soquettes noires.<\/p>\n<p>&#8211;<strong> \u00c9t\u00e9 :<\/strong> pantalon<strong> blanc (\u00e9viter les jeans,)<\/strong>, chemise <strong>blanche longue<\/strong> \u00e0 manches longues, top de <strong>couleur vive fluide<\/strong>. Chaussures <strong>blanches ferm\u00e9es (\u00e9viter les baskets),<\/strong> soquettes blanches.<\/p>\n<p><strong>\u00a0\u00a0 Messieurs :<\/strong><\/p>\n<p><strong>&#8211; Hiver :<\/strong> costume pantalon noir\u00a0 veste noire,chemise noire \u00e0 manches longues, chaussures noires, <strong>chaussettes noires, ceinture noire.<\/strong><\/p>\n<p>&#8211;<strong> \u00c9t\u00e9 :<\/strong> pantalon<strong> blanc (\u00e9viter les jeans,)<\/strong>, chemise <strong>blanche longue<\/strong> \u00e0 manches longues. Chaussures <strong>blanches ferm\u00e9es (\u00e9viter les baskets), ceinture blanche<\/strong>.<\/p>\n<p><strong>Tenue d&rsquo;\u00e9t\u00e9 :<\/strong><\/p>\n<p><img loading=\"lazy\" class=\"aligncenter size-full wp-image-3095\" src=\"https:\/\/www.groupevocalarcenciel.fr\/wp-content\/uploads\/2018\/10\/Arc_en_ciel2_site.jpg\" alt=\"\" width=\"600\" height=\"398\" srcset=\"https:\/\/www.groupevocalarcenciel.fr\/wp-content\/uploads\/2018\/10\/Arc_en_ciel2_site.jpg 600w, https:\/\/www.groupevocalarcenciel.fr\/wp-content\/uploads\/2018\/10\/Arc_en_ciel2_site-300x199.jpg 300w\" sizes=\"(max-width: 600px) 100vw, 600px\" \/><\/p>\n<p><strong>Tenue d&rsquo;hiver noire :<\/strong><\/p>\n<p><img loading=\"lazy\" class=\"aligncenter size-full wp-image-3164\" src=\"https:\/\/www.groupevocalarcenciel.fr\/wp-content\/uploads\/2018\/12\/Tenue-dhiver-noire.jpg\" alt=\"\" width=\"800\" height=\"323\" srcset=\"https:\/\/www.groupevocalarcenciel.fr\/wp-content\/uploads\/2018\/12\/Tenue-dhiver-noire.jpg 800w, https:\/\/www.groupevocalarcenciel.fr\/wp-content\/uploads\/2018\/12\/Tenue-dhiver-noire-300x121.jpg 300w, https:\/\/www.groupevocalarcenciel.fr\/wp-content\/uploads\/2018\/12\/Tenue-dhiver-noire-768x310.jpg 768w\" sizes=\"(max-width: 800px) 100vw, 800px\" \/><\/p>\n<p><strong>Tenue d&rsquo;hiver couleur :<\/strong><\/p>\n<p><img loading=\"lazy\" class=\"aligncenter size-full wp-image-2442\" src=\"https:\/\/www.groupevocalarcenciel.fr\/wp-content\/uploads\/2017\/03\/Groupe11.jpg\" alt=\"\" width=\"587\" height=\"335\" srcset=\"https:\/\/www.groupevocalarcenciel.fr\/wp-content\/uploads\/2017\/03\/Groupe11.jpg 587w, https:\/\/www.groupevocalarcenciel.fr\/wp-content\/uploads\/2017\/03\/Groupe11-300x171.jpg 300w\" sizes=\"(max-width: 587px) 100vw, 587px\" \/><\/p>\n","protected":false},"excerpt":{"rendered":"<p>Vous pouvez \u00e0 tout moment de l&rsquo;ann\u00e9e adh\u00e9rer et participer \u00e0 l&rsquo;activit\u00e9 du Groupe Vocal. Co\u00fbt de l&rsquo;adh\u00e9sion : En cours de d\u00e9cision. Que comprend le montant de la cotisation : &#8211; La fourniture des partitions, sauf les partitions d\u00e9j\u00e0 &hellip; <a href=\"https:\/\/www.groupevocalarcenciel.fr\/?page_id=3160\">Continuer la lecture <span class=\"meta-nav\">&rarr;<\/span><\/a><\/p>\n","protected":false},"author":2,"featured_media":0,"parent":739,"menu_order":4,"comment_status":"closed","ping_status":"closed","template":"","meta":[],"_links":{"self":[{"href":"https:\/\/www.groupevocalarcenciel.fr\/index.php?rest_route=\/wp\/v2\/pages\/3160"}],"collection":[{"href":"https:\/\/www.groupevocalarcenciel.fr\/index.php?rest_route=\/wp\/v2\/pages"}],"about":[{"href":"https:\/\/www.groupevocalarcenciel.fr\/index.php?rest_route=\/wp\/v2\/types\/page"}],"author":[{"embeddable":true,"href":"https:\/\/www.groupevocalarcenciel.fr\/index.php?rest_route=\/wp\/v2\/users\/2"}],"replies":[{"embeddable":true,"href":"https:\/\/www.groupevocalarcenciel.fr\/index.php?rest_route=%2Fwp%2Fv2%2Fcomments&post=3160"}],"version-history":[{"count":6,"href":"https:\/\/www.groupevocalarcenciel.fr\/index.php?rest_route=\/wp\/v2\/pages\/3160\/revisions"}],"predecessor-version":[{"id":4164,"href":"https:\/\/www.groupevocalarcenciel.fr\/index.php?rest_route=\/wp\/v2\/pages\/3160\/revisions\/4164"}],"up":[{"embeddable":true,"href":"https:\/\/www.groupevocalarcenciel.fr\/index.php?rest_route=\/wp\/v2\/pages\/739"}],"wp:attachment":[{"href":"https:\/\/www.groupevocalarcenciel.fr\/index.php?rest_route=%2Fwp%2Fv2%2Fmedia&parent=3160"}],"curies":[{"name":"wp","href":"https:\/\/api.w.org\/{rel}","templated":true}]}}