{"id":3091,"date":"2018-09-22T13:10:39","date_gmt":"2018-09-22T13:10:39","guid":{"rendered":"http:\/\/www.groupevocalarcenciel.fr\/?page_id=3091"},"modified":"2020-06-02T18:16:12","modified_gmt":"2020-06-02T16:16:12","slug":"au-pays-de-leonie","status":"publish","type":"page","link":"https:\/\/www.groupevocalarcenciel.fr\/?page_id=3091","title":{"rendered":"Au pays de L\u00e9onie"},"content":{"rendered":"<h2><strong>L\u00e9onie nous a quitt\u00e9s samedi 15 septembre .<\/strong><\/h2>\n<p><strong>L\u00e9onie apr\u00e8s de nombreux mois de lutte n&rsquo;a pas pu r\u00e9sister \u00e0 la terrible maladie qui l&rsquo;a emport\u00e9e et qui emportera malheureusement d&rsquo;autres enfants.<\/strong><\/p>\n<p><strong>Nos pens\u00e9es se tournent vers elle qui est partie dans un pays o\u00f9 elle ne souffrira plus et vers ses parents et sa s\u0153ur qui lui auront tout donn\u00e9 jusqu&rsquo;\u00e0 son dernier souffle.<\/strong><\/p>\n<p><strong>Que sa disparition douloureuse ouvre les yeux et le c\u0153ur de nos dirigeants afin que des recherches s\u00e9rieuses et approfondies soient r\u00e9ellement men\u00e9es pour sauver les autres enfants atteints.<\/strong><\/p>\n<p><strong>Le Groupe vocal ARC en CIEL s&rsquo;est associ\u00e9 \u00e0 l&rsquo;op\u00e9ration qu&rsquo;avaient initi\u00e9e ses parents &lsquo;au pays de L\u00e9onie&rsquo; et avait donn\u00e9 un concert de No\u00ebl au profit de son Association le 17 d\u00e9cembre 2017.<\/strong><\/p>\n<p><strong>L\u00e9onie dont l&rsquo;\u00e9tat \u00e9tait stable \u00e0 ce moment-l\u00e0 \u00e9tait venue en famille assister au concert et avait m\u00eame chant\u00e9 &lsquo;Petit Papa No\u00ebl&rsquo; avec sa s\u0153ur et l&rsquo;ensemble du Groupe. Un moment empreint d&rsquo;une forte \u00e9motion.<\/strong><\/p>\n<p><strong>Nous l&rsquo;avons accompagn\u00e9e \u00e0 sa derni\u00e8re demeure au milieu de ch\u00eanes dans le repos samedi 22 septembre.<\/strong><\/p>\n<p><strong>Elle \u00e9tait accompagn\u00e9e par sa s\u0153ur et ses parents, de nombreux adultes et beaucoup de jeunes qui l&rsquo;ont soutenue pendant sa longue p\u00e9riode de souffrance durant laquelle elle n&rsquo;aura jamais cess\u00e9 de parler avec courage et espoir \u00e0 toutes et tous.<\/strong><\/p>\n<p><strong>Adieu L\u00e9onie.<\/strong><\/p>\n<p><strong>L\u00e9onie et sa famille avant le d\u00e9but du concert.<\/strong><\/p>\n<p><img loading=\"lazy\" class=\"aligncenter size-full wp-image-3085\" src=\"https:\/\/www.groupevocalarcenciel.fr\/wp-content\/uploads\/2018\/09\/L\u00e9onie_et_sa_famille.jpg\" alt=\"\" width=\"700\" height=\"458\" srcset=\"https:\/\/www.groupevocalarcenciel.fr\/wp-content\/uploads\/2018\/09\/L\u00e9onie_et_sa_famille.jpg 700w, https:\/\/www.groupevocalarcenciel.fr\/wp-content\/uploads\/2018\/09\/L\u00e9onie_et_sa_famille-300x196.jpg 300w\" sizes=\"(max-width: 700px) 100vw, 700px\" \/><\/p>\n<p><strong>L\u00e9onie chantant &lsquo;Petit Papa No\u00ebl&rsquo; .<\/strong><\/p>\n<p><img loading=\"lazy\" class=\"aligncenter size-full wp-image-3086\" src=\"https:\/\/www.groupevocalarcenciel.fr\/wp-content\/uploads\/2018\/09\/L\u00e9onie_chante.jpg\" alt=\"\" width=\"520\" height=\"600\" srcset=\"https:\/\/www.groupevocalarcenciel.fr\/wp-content\/uploads\/2018\/09\/L\u00e9onie_chante.jpg 520w, https:\/\/www.groupevocalarcenciel.fr\/wp-content\/uploads\/2018\/09\/L\u00e9onie_chante-260x300.jpg 260w\" sizes=\"(max-width: 520px) 100vw, 520px\" \/><\/p>\n<h2><\/h2>\n","protected":false},"excerpt":{"rendered":"<p>L\u00e9onie nous a quitt\u00e9s samedi 15 septembre . L\u00e9onie apr\u00e8s de nombreux mois de lutte n&rsquo;a pas pu r\u00e9sister \u00e0 la terrible maladie qui l&rsquo;a emport\u00e9e et qui emportera malheureusement d&rsquo;autres enfants. Nos pens\u00e9es se tournent vers elle qui est &hellip; <a href=\"https:\/\/www.groupevocalarcenciel.fr\/?page_id=3091\">Continuer la lecture <span class=\"meta-nav\">&rarr;<\/span><\/a><\/p>\n","protected":false},"author":2,"featured_media":0,"parent":3465,"menu_order":40,"comment_status":"closed","ping_status":"closed","template":"","meta":[],"_links":{"self":[{"href":"https:\/\/www.groupevocalarcenciel.fr\/index.php?rest_route=\/wp\/v2\/pages\/3091"}],"collection":[{"href":"https:\/\/www.groupevocalarcenciel.fr\/index.php?rest_route=\/wp\/v2\/pages"}],"about":[{"href":"https:\/\/www.groupevocalarcenciel.fr\/index.php?rest_route=\/wp\/v2\/types\/page"}],"author":[{"embeddable":true,"href":"https:\/\/www.groupevocalarcenciel.fr\/index.php?rest_route=\/wp\/v2\/users\/2"}],"replies":[{"embeddable":true,"href":"https:\/\/www.groupevocalarcenciel.fr\/index.php?rest_route=%2Fwp%2Fv2%2Fcomments&post=3091"}],"version-history":[{"count":3,"href":"https:\/\/www.groupevocalarcenciel.fr\/index.php?rest_route=\/wp\/v2\/pages\/3091\/revisions"}],"predecessor-version":[{"id":3469,"href":"https:\/\/www.groupevocalarcenciel.fr\/index.php?rest_route=\/wp\/v2\/pages\/3091\/revisions\/3469"}],"up":[{"embeddable":true,"href":"https:\/\/www.groupevocalarcenciel.fr\/index.php?rest_route=\/wp\/v2\/pages\/3465"}],"wp:attachment":[{"href":"https:\/\/www.groupevocalarcenciel.fr\/index.php?rest_route=%2Fwp%2Fv2%2Fmedia&parent=3091"}],"curies":[{"name":"wp","href":"https:\/\/api.w.org\/{rel}","templated":true}]}}