{"id":3080,"date":"2018-08-11T14:16:11","date_gmt":"2018-08-11T14:16:11","guid":{"rendered":"http:\/\/www.groupevocalarcenciel.fr\/?page_id=3080"},"modified":"2019-11-10T11:25:04","modified_gmt":"2019-11-10T10:25:04","slug":"places-aux-chansons-2018","status":"publish","type":"page","link":"https:\/\/www.groupevocalarcenciel.fr\/?page_id=3080","title":{"rendered":"PlaceS aux Chansons 2018"},"content":{"rendered":"<p>Belle r\u00e9ussite pour cette troisi\u00e8me \u00c9dition de &lsquo;PlaceS aux Chansons&rsquo; samedi 16 juin 2018 \u00e0 Ch\u00e2teaurenard avec&nbsp; :<\/p>\n<p>&#8211; La chorale de la R\u00e9galide de Ch\u00e2teaurenard<\/p>\n<p>&#8211; Le Groupe Vocal &lsquo;Arc en Ciel&rsquo; de Ch\u00e2teaurenard<\/p>\n<p>&#8211; La chorale &lsquo;les Voix d&rsquo;ensemble&rsquo; de Saint G\u00e9ni\u00e8s de Comolas<\/p>\n<p>&#8211; La chorale &lsquo;Clair Matin&rsquo; de Toulon<\/p>\n<p>&#8211; Le Ch\u0153ur &lsquo;Vox Cantaria&rsquo; de La Seyne sur mer<\/p>\n<p>&#8211; La chorale &lsquo;M\u00e9li-M\u00e9lodie&rsquo; de Jonqui\u00e8res<\/p>\n<p>&#8211; La chorale &lsquo;Baume en Ch\u0153ur&rsquo; de Saint Maximin<\/p>\n<p>&#8211; le &lsquo;Ch\u0153ur des Collines&rsquo; de Caumont sur Durance.<\/p>\n<p>L&rsquo;article de La Provence en est le t\u00e9moin!<\/p>\n<p>&nbsp;<\/p>\n<p><img loading=\"lazy\" class=\"aligncenter size-full wp-image-3077\" src=\"https:\/\/www.groupevocalarcenciel.fr\/wp-content\/uploads\/2018\/06\/Article_Provence_20180617_Reduit.jpg\" alt=\"\" width=\"450\" height=\"685\" srcset=\"https:\/\/www.groupevocalarcenciel.fr\/wp-content\/uploads\/2018\/06\/Article_Provence_20180617_Reduit.jpg 450w, https:\/\/www.groupevocalarcenciel.fr\/wp-content\/uploads\/2018\/06\/Article_Provence_20180617_Reduit-197x300.jpg 197w\" sizes=\"(max-width: 450px) 100vw, 450px\" \/><\/p>\n","protected":false},"excerpt":{"rendered":"<p>Belle r\u00e9ussite pour cette troisi\u00e8me \u00c9dition de &lsquo;PlaceS aux Chansons&rsquo; samedi 16 juin 2018 \u00e0 Ch\u00e2teaurenard avec&nbsp; : &#8211; La chorale de la R\u00e9galide de Ch\u00e2teaurenard &#8211; Le Groupe Vocal &lsquo;Arc en Ciel&rsquo; de Ch\u00e2teaurenard &#8211; La chorale &lsquo;les Voix &hellip; <a href=\"https:\/\/www.groupevocalarcenciel.fr\/?page_id=3080\">Continuer la lecture <span class=\"meta-nav\">&rarr;<\/span><\/a><\/p>\n","protected":false},"author":2,"featured_media":0,"parent":1450,"menu_order":100,"comment_status":"closed","ping_status":"closed","template":"","meta":[],"_links":{"self":[{"href":"https:\/\/www.groupevocalarcenciel.fr\/index.php?rest_route=\/wp\/v2\/pages\/3080"}],"collection":[{"href":"https:\/\/www.groupevocalarcenciel.fr\/index.php?rest_route=\/wp\/v2\/pages"}],"about":[{"href":"https:\/\/www.groupevocalarcenciel.fr\/index.php?rest_route=\/wp\/v2\/types\/page"}],"author":[{"embeddable":true,"href":"https:\/\/www.groupevocalarcenciel.fr\/index.php?rest_route=\/wp\/v2\/users\/2"}],"replies":[{"embeddable":true,"href":"https:\/\/www.groupevocalarcenciel.fr\/index.php?rest_route=%2Fwp%2Fv2%2Fcomments&post=3080"}],"version-history":[{"count":2,"href":"https:\/\/www.groupevocalarcenciel.fr\/index.php?rest_route=\/wp\/v2\/pages\/3080\/revisions"}],"predecessor-version":[{"id":3289,"href":"https:\/\/www.groupevocalarcenciel.fr\/index.php?rest_route=\/wp\/v2\/pages\/3080\/revisions\/3289"}],"up":[{"embeddable":true,"href":"https:\/\/www.groupevocalarcenciel.fr\/index.php?rest_route=\/wp\/v2\/pages\/1450"}],"wp:attachment":[{"href":"https:\/\/www.groupevocalarcenciel.fr\/index.php?rest_route=%2Fwp%2Fv2%2Fmedia&parent=3080"}],"curies":[{"name":"wp","href":"https:\/\/api.w.org\/{rel}","templated":true}]}}