{"id":3068,"date":"2018-05-29T07:35:42","date_gmt":"2018-05-29T07:35:42","guid":{"rendered":"http:\/\/www.groupevocalarcenciel.fr\/?page_id=3068"},"modified":"2020-06-02T18:14:10","modified_gmt":"2020-06-02T16:14:10","slug":"adieu-jean-claude-oudot","status":"publish","type":"page","link":"https:\/\/www.groupevocalarcenciel.fr\/?page_id=3068","title":{"rendered":"Adieu Jean-Claude OUDOT"},"content":{"rendered":"<h2>L&rsquo;une des derni\u00e8res photos de Jean-Claude.<\/h2>\n<p><img loading=\"lazy\" class=\"aligncenter size-full wp-image-3434\" src=\"https:\/\/www.groupevocalarcenciel.fr\/wp-content\/uploads\/2020\/05\/Derni\u00e8re_photo_OUDOT_site.jpg\" alt=\"\" width=\"450\" height=\"744\" srcset=\"https:\/\/www.groupevocalarcenciel.fr\/wp-content\/uploads\/2020\/05\/Derni\u00e8re_photo_OUDOT_site.jpg 450w, https:\/\/www.groupevocalarcenciel.fr\/wp-content\/uploads\/2020\/05\/Derni\u00e8re_photo_OUDOT_site-181x300.jpg 181w\" sizes=\"(max-width: 450px) 100vw, 450px\" \/><\/p>\n<h2><strong>Jean-Claude OUDOT nous a quitt\u00e9s.<\/strong><\/h2>\n<h2>Dans les ann\u00e9es 1990, de nombreuses r\u00e9p\u00e9titions ont eu lieu \u00e0 Ch\u00e2teaurenard pour pr\u00e9parer plusieurs \u00e9v\u00e9nements avec Jean-Claude (Concert dans le Th\u00e9\u00e2tre antique d&rsquo;Orange avec Jacques Higelin, Inauguration du Z\u00e9nith-Om\u00e9ga \u00e0 Toulon avec Michel Fugain . Suite \u00e0 ces \u00e9v\u00e9nements, en 1992, un Groupe de choristes de la R\u00e9gion convainc Jean-Claude de cr\u00e9er un ch\u0153ur de France \u00e0 Avignon.<\/h2>\n<h2><strong>Il a su renouveler et moderniser l&rsquo;harmonisation de la Chanson fran\u00e7aise.<\/strong><\/h2>\n<h2><strong>Un exemple pour nous Chefs de Ch\u0153urs et choristes.<\/strong><\/h2>\n<h2><strong><img loading=\"lazy\" class=\"aligncenter size-full wp-image-2571\" src=\"https:\/\/www.groupevocalarcenciel.fr\/wp-content\/uploads\/2017\/03\/JCOudot2.jpg\" alt=\"\" width=\"500\" height=\"344\" srcset=\"https:\/\/www.groupevocalarcenciel.fr\/wp-content\/uploads\/2017\/03\/JCOudot2.jpg 500w, https:\/\/www.groupevocalarcenciel.fr\/wp-content\/uploads\/2017\/03\/JCOudot2-300x206.jpg 300w\" sizes=\"(max-width: 500px) 100vw, 500px\" \/><\/strong><\/h2>\n<h2><strong><em>Il avait particip\u00e9 avec son Groupe Vocal CAMPANELLA aux dix ans du Groupe Vocal ARC en CIEL \u00e0 Ch\u00e2teaurenard.<br \/>\n<\/em><\/strong><\/h2>\n<h2><strong>Il n&rsquo;en revenait pas en nous \u00e9coutant chanter &lsquo;Allez Ch\u00e2to&rsquo;, un grand moment de la chanson ch\u00e2teaurenardaise! Un hymne au rugby ch\u00e2teaurenardais!<\/strong><\/h2>\n<h2><strong>Adieu Jean-Claude.<\/strong><\/h2>\n<p><img loading=\"lazy\" class=\"aligncenter size-full wp-image-2570\" src=\"https:\/\/www.groupevocalarcenciel.fr\/wp-content\/uploads\/2017\/03\/JCOudot1.jpg\" alt=\"\" width=\"500\" height=\"481\" srcset=\"https:\/\/www.groupevocalarcenciel.fr\/wp-content\/uploads\/2017\/03\/JCOudot1.jpg 500w, https:\/\/www.groupevocalarcenciel.fr\/wp-content\/uploads\/2017\/03\/JCOudot1-300x288.jpg 300w\" sizes=\"(max-width: 500px) 100vw, 500px\" \/><\/p>\n<h2><strong>Que cachait ce regard profond et per\u00e7ant?<\/strong><\/h2>\n","protected":false},"excerpt":{"rendered":"<p>L&rsquo;une des derni\u00e8res photos de Jean-Claude. Jean-Claude OUDOT nous a quitt\u00e9s. Dans les ann\u00e9es 1990, de nombreuses r\u00e9p\u00e9titions ont eu lieu \u00e0 Ch\u00e2teaurenard pour pr\u00e9parer plusieurs \u00e9v\u00e9nements avec Jean-Claude (Concert dans le Th\u00e9\u00e2tre antique d&rsquo;Orange avec Jacques Higelin, Inauguration du &hellip; <a href=\"https:\/\/www.groupevocalarcenciel.fr\/?page_id=3068\">Continuer la lecture <span class=\"meta-nav\">&rarr;<\/span><\/a><\/p>\n","protected":false},"author":2,"featured_media":0,"parent":3465,"menu_order":1,"comment_status":"closed","ping_status":"closed","template":"","meta":[],"_links":{"self":[{"href":"https:\/\/www.groupevocalarcenciel.fr\/index.php?rest_route=\/wp\/v2\/pages\/3068"}],"collection":[{"href":"https:\/\/www.groupevocalarcenciel.fr\/index.php?rest_route=\/wp\/v2\/pages"}],"about":[{"href":"https:\/\/www.groupevocalarcenciel.fr\/index.php?rest_route=\/wp\/v2\/types\/page"}],"author":[{"embeddable":true,"href":"https:\/\/www.groupevocalarcenciel.fr\/index.php?rest_route=\/wp\/v2\/users\/2"}],"replies":[{"embeddable":true,"href":"https:\/\/www.groupevocalarcenciel.fr\/index.php?rest_route=%2Fwp%2Fv2%2Fcomments&post=3068"}],"version-history":[{"count":5,"href":"https:\/\/www.groupevocalarcenciel.fr\/index.php?rest_route=\/wp\/v2\/pages\/3068\/revisions"}],"predecessor-version":[{"id":3467,"href":"https:\/\/www.groupevocalarcenciel.fr\/index.php?rest_route=\/wp\/v2\/pages\/3068\/revisions\/3467"}],"up":[{"embeddable":true,"href":"https:\/\/www.groupevocalarcenciel.fr\/index.php?rest_route=\/wp\/v2\/pages\/3465"}],"wp:attachment":[{"href":"https:\/\/www.groupevocalarcenciel.fr\/index.php?rest_route=%2Fwp%2Fv2%2Fmedia&parent=3068"}],"curies":[{"name":"wp","href":"https:\/\/api.w.org\/{rel}","templated":true}]}}