{"id":2422,"date":"2017-03-07T17:43:08","date_gmt":"2017-03-07T17:43:08","guid":{"rendered":"http:\/\/www.groupevocalarcenciel.fr\/?page_id=2422"},"modified":"2020-06-02T18:16:48","modified_gmt":"2020-06-02T16:16:48","slug":"hommage-au-choeur-de-larmee-rouge-alexandrov","status":"publish","type":"page","link":"https:\/\/www.groupevocalarcenciel.fr\/?page_id=2422","title":{"rendered":"Choeur de l&rsquo;Arm\u00e9e rouge"},"content":{"rendered":"<p><strong>&nbsp;HOMMAGE AU CH\u0152UR DE L\u2019ARM\u00c9E ROUGE ALEXANDROV<\/strong><\/p>\n<p>Les 4 Mousquetaires du Groupe Vocal ARC en CIEL au Palais des Congr\u00e8s de Lyon le 21 mars.<\/p>\n<p><a href=\"https:\/\/www.groupevocalarcenciel.fr\/wp-content\/uploads\/2012\/02\/V__EDE5.jpg\"><img loading=\"lazy\" class=\"aligncenter size-full wp-image-2635\" src=\"https:\/\/www.groupevocalarcenciel.fr\/wp-content\/uploads\/2012\/02\/V__EDE5.jpg\" alt=\"V__EDE5\" width=\"1280\" height=\"956\" srcset=\"https:\/\/www.groupevocalarcenciel.fr\/wp-content\/uploads\/2012\/02\/V__EDE5.jpg 1280w, https:\/\/www.groupevocalarcenciel.fr\/wp-content\/uploads\/2012\/02\/V__EDE5-300x224.jpg 300w, https:\/\/www.groupevocalarcenciel.fr\/wp-content\/uploads\/2012\/02\/V__EDE5-1024x764.jpg 1024w\" sizes=\"(max-width: 1280px) 100vw, 1280px\" \/><\/a><a href=\"https:\/\/www.groupevocalarcenciel.fr\/wp-content\/uploads\/2017\/03\/affiche.jpg\"><img loading=\"lazy\" class=\"aligncenter size-full wp-image-2669\" src=\"https:\/\/www.groupevocalarcenciel.fr\/wp-content\/uploads\/2017\/03\/affiche.jpg\" alt=\"affiche\" width=\"1653\" height=\"2338\" srcset=\"https:\/\/www.groupevocalarcenciel.fr\/wp-content\/uploads\/2017\/03\/affiche.jpg 1653w, https:\/\/www.groupevocalarcenciel.fr\/wp-content\/uploads\/2017\/03\/affiche-212x300.jpg 212w, https:\/\/www.groupevocalarcenciel.fr\/wp-content\/uploads\/2017\/03\/affiche-723x1024.jpg 723w\" sizes=\"(max-width: 1653px) 100vw, 1653px\" \/><\/a><\/p>\n<p>Quelques photos du concert Hommage le 26 janvier au Forum de Laudun (30).<\/p>\n<p><a href=\"https:\/\/www.groupevocalarcenciel.fr\/wp-content\/uploads\/2017\/03\/Groupe1.jpg\"><img loading=\"lazy\" class=\"aligncenter size-full wp-image-2447\" src=\"https:\/\/www.groupevocalarcenciel.fr\/wp-content\/uploads\/2017\/03\/Groupe1.jpg\" alt=\"Groupe1\" width=\"587\" height=\"335\" srcset=\"https:\/\/www.groupevocalarcenciel.fr\/wp-content\/uploads\/2017\/03\/Groupe1.jpg 587w, https:\/\/www.groupevocalarcenciel.fr\/wp-content\/uploads\/2017\/03\/Groupe1-300x171.jpg 300w\" sizes=\"(max-width: 587px) 100vw, 587px\" \/><\/a><\/p>\n<p><a href=\"https:\/\/www.groupevocalarcenciel.fr\/wp-content\/uploads\/2017\/03\/Hommes.jpg\"><img loading=\"lazy\" class=\"aligncenter size-full wp-image-2440\" src=\"https:\/\/www.groupevocalarcenciel.fr\/wp-content\/uploads\/2017\/03\/Hommes.jpg\" alt=\"Hommes\" width=\"523\" height=\"400\" srcset=\"https:\/\/www.groupevocalarcenciel.fr\/wp-content\/uploads\/2017\/03\/Hommes.jpg 523w, https:\/\/www.groupevocalarcenciel.fr\/wp-content\/uploads\/2017\/03\/Hommes-300x229.jpg 300w\" sizes=\"(max-width: 523px) 100vw, 523px\" \/><\/a><a href=\"https:\/\/www.groupevocalarcenciel.fr\/wp-content\/uploads\/2017\/03\/Groupe21.jpg\"><br \/>\n<\/a>&nbsp; <a href=\"https:\/\/www.groupevocalarcenciel.fr\/wp-content\/uploads\/2017\/03\/Femmes.jpg\"><img loading=\"lazy\" class=\"aligncenter size-full wp-image-2443\" src=\"https:\/\/www.groupevocalarcenciel.fr\/wp-content\/uploads\/2017\/03\/Femmes.jpg\" alt=\"Femmes\" width=\"700\" height=\"383\" srcset=\"https:\/\/www.groupevocalarcenciel.fr\/wp-content\/uploads\/2017\/03\/Femmes.jpg 700w, https:\/\/www.groupevocalarcenciel.fr\/wp-content\/uploads\/2017\/03\/Femmes-300x164.jpg 300w\" sizes=\"(max-width: 700px) 100vw, 700px\" \/><\/a><\/p>\n<p><a href=\"https:\/\/www.groupevocalarcenciel.fr\/wp-content\/uploads\/2017\/03\/Groupe2.jpg\"><img loading=\"lazy\" class=\"aligncenter size-full wp-image-2437\" src=\"https:\/\/www.groupevocalarcenciel.fr\/wp-content\/uploads\/2017\/03\/Groupe2.jpg\" alt=\"Groupe2\" width=\"900\" height=\"307\"><\/a><\/p>\n<p style=\"margin-bottom: 0cm; line-height: 100%;\"><span style=\"color: #000000;\"><a href=\"https:\/\/www.groupevocalarcenciel.fr\/wp-content\/uploads\/2012\/02\/Midi-Libre-28-janvier-page-001.jpg\"><img loading=\"lazy\" class=\"aligncenter size-full wp-image-2406\" src=\"https:\/\/www.groupevocalarcenciel.fr\/wp-content\/uploads\/2012\/02\/Midi-Libre-28-janvier-page-001.jpg\" alt=\"Midi Libre 28 janvier-page-001\" width=\"1754\" height=\"1240\" srcset=\"https:\/\/www.groupevocalarcenciel.fr\/wp-content\/uploads\/2012\/02\/Midi-Libre-28-janvier-page-001.jpg 1754w, https:\/\/www.groupevocalarcenciel.fr\/wp-content\/uploads\/2012\/02\/Midi-Libre-28-janvier-page-001-300x212.jpg 300w, https:\/\/www.groupevocalarcenciel.fr\/wp-content\/uploads\/2012\/02\/Midi-Libre-28-janvier-page-001-1024x723.jpg 1024w\" sizes=\"(max-width: 1754px) 100vw, 1754px\" \/><\/a>Belle r\u00e9ussite. Il fallait loger les 180 choristes sur sc\u00e8ne. Cela a \u00e9t\u00e9 fait de belle mani\u00e8re.<\/span><\/p>\n<p style=\"margin-bottom: 0cm; line-height: 100%;\"><a href=\"https:\/\/www.groupevocalarcenciel.fr\/wp-content\/uploads\/2012\/02\/Panoramique.jpg\"><img loading=\"lazy\" class=\"aligncenter size-full wp-image-2401\" src=\"https:\/\/www.groupevocalarcenciel.fr\/wp-content\/uploads\/2012\/02\/Panoramique.jpg\" alt=\"Panoramique\" width=\"900\" height=\"288\" srcset=\"https:\/\/www.groupevocalarcenciel.fr\/wp-content\/uploads\/2012\/02\/Panoramique.jpg 900w, https:\/\/www.groupevocalarcenciel.fr\/wp-content\/uploads\/2012\/02\/Panoramique-300x96.jpg 300w\" sizes=\"(max-width: 900px) 100vw, 900px\" \/><\/a><\/p>\n<p><span style=\"color: #000000;\">Le Groupe Vocal ARC en CIEL a cl\u00f4tur\u00e9 la premi\u00e8re partie sur un &lsquo;Dio vi Salve Regina&rsquo; explosif. Le public a fini debout. Bravo aux choristes du Groupe Vocal.<\/span><\/p>\n<p><span style=\"color: #000000;\">Pour achever la soir\u00e9e, l&rsquo;ensemble des choristes a interpr\u00e9t\u00e9 sous la direction d&rsquo;Aliksey KENT deux titres; un chant orthodoxe russe &lsquo;Slava v vychni bogou&rsquo; et &lsquo;Non , je ne regrette rien&rsquo; avec Claudine SCOLARI au solo.<\/span><\/p>\n<p><a href=\"https:\/\/www.groupevocalarcenciel.fr\/wp-content\/uploads\/2012\/02\/Photo_1_Laudun_1.jpg\"><img loading=\"lazy\" class=\"aligncenter size-full wp-image-2397\" src=\"https:\/\/www.groupevocalarcenciel.fr\/wp-content\/uploads\/2012\/02\/Photo_1_Laudun_1.jpg\" alt=\"Photo_1_Laudun_1\" width=\"700\" height=\"373\" srcset=\"https:\/\/www.groupevocalarcenciel.fr\/wp-content\/uploads\/2012\/02\/Photo_1_Laudun_1.jpg 700w, https:\/\/www.groupevocalarcenciel.fr\/wp-content\/uploads\/2012\/02\/Photo_1_Laudun_1-300x159.jpg 300w\" sizes=\"(max-width: 700px) 100vw, 700px\" \/><\/a><\/p>\n<p>Le Vice-consul de Russie \u00e0 Marseille \u00e9tait pr\u00e9sent parmi les spectateurs. (\u00e0 droite sur la photo).<\/p>\n<p>Il accept\u00e9 de poser avec Aliksey KENT, l&rsquo;initiateur de ce grand projet et avec Mr le Maire de Laudun<\/p>\n<p><a href=\"https:\/\/www.groupevocalarcenciel.fr\/wp-content\/uploads\/2012\/02\/Consul.jpg\"><img loading=\"lazy\" class=\"aligncenter size-full wp-image-2403\" src=\"https:\/\/www.groupevocalarcenciel.fr\/wp-content\/uploads\/2012\/02\/Consul.jpg\" alt=\"Consul\" width=\"600\" height=\"450\" srcset=\"https:\/\/www.groupevocalarcenciel.fr\/wp-content\/uploads\/2012\/02\/Consul.jpg 600w, https:\/\/www.groupevocalarcenciel.fr\/wp-content\/uploads\/2012\/02\/Consul-300x225.jpg 300w\" sizes=\"(max-width: 600px) 100vw, 600px\" \/><\/a><\/p>\n<p style=\"margin-bottom: 0cm; line-height: 100%;\">La photo du G\u00e9n\u00e9ral ALEXANDROV au pied de laquelle des choristes et des spectateurs ont d\u00e9pos\u00e9 des bougies et des&nbsp;fleurs&nbsp;en hommage.<\/p>\n<p style=\"margin-bottom: 0cm; line-height: 100%;\"><a href=\"https:\/\/www.groupevocalarcenciel.fr\/wp-content\/uploads\/2012\/02\/Bougies.jpg\"><img loading=\"lazy\" class=\"aligncenter size-full wp-image-2402\" src=\"https:\/\/www.groupevocalarcenciel.fr\/wp-content\/uploads\/2012\/02\/Bougies.jpg\" alt=\"Bougies\" width=\"2160\" height=\"3840\" srcset=\"https:\/\/www.groupevocalarcenciel.fr\/wp-content\/uploads\/2012\/02\/Bougies.jpg 2160w, https:\/\/www.groupevocalarcenciel.fr\/wp-content\/uploads\/2012\/02\/Bougies-168x300.jpg 168w, https:\/\/www.groupevocalarcenciel.fr\/wp-content\/uploads\/2012\/02\/Bougies-576x1024.jpg 576w\" sizes=\"(max-width: 2160px) 100vw, 2160px\" \/><\/a><\/p>\n","protected":false},"excerpt":{"rendered":"<p>&nbsp;HOMMAGE AU CH\u0152UR DE L\u2019ARM\u00c9E ROUGE ALEXANDROV Les 4 Mousquetaires du Groupe Vocal ARC en CIEL au Palais des Congr\u00e8s de Lyon le 21 mars. Quelques photos du concert Hommage le 26 janvier au Forum de Laudun (30). &nbsp; Belle &hellip; <a href=\"https:\/\/www.groupevocalarcenciel.fr\/?page_id=2422\">Continuer la lecture <span class=\"meta-nav\">&rarr;<\/span><\/a><\/p>\n","protected":false},"author":2,"featured_media":0,"parent":3465,"menu_order":50,"comment_status":"closed","ping_status":"closed","template":"","meta":[],"_links":{"self":[{"href":"https:\/\/www.groupevocalarcenciel.fr\/index.php?rest_route=\/wp\/v2\/pages\/2422"}],"collection":[{"href":"https:\/\/www.groupevocalarcenciel.fr\/index.php?rest_route=\/wp\/v2\/pages"}],"about":[{"href":"https:\/\/www.groupevocalarcenciel.fr\/index.php?rest_route=\/wp\/v2\/types\/page"}],"author":[{"embeddable":true,"href":"https:\/\/www.groupevocalarcenciel.fr\/index.php?rest_route=\/wp\/v2\/users\/2"}],"replies":[{"embeddable":true,"href":"https:\/\/www.groupevocalarcenciel.fr\/index.php?rest_route=%2Fwp%2Fv2%2Fcomments&post=2422"}],"version-history":[{"count":10,"href":"https:\/\/www.groupevocalarcenciel.fr\/index.php?rest_route=\/wp\/v2\/pages\/2422\/revisions"}],"predecessor-version":[{"id":3470,"href":"https:\/\/www.groupevocalarcenciel.fr\/index.php?rest_route=\/wp\/v2\/pages\/2422\/revisions\/3470"}],"up":[{"embeddable":true,"href":"https:\/\/www.groupevocalarcenciel.fr\/index.php?rest_route=\/wp\/v2\/pages\/3465"}],"wp:attachment":[{"href":"https:\/\/www.groupevocalarcenciel.fr\/index.php?rest_route=%2Fwp%2Fv2%2Fmedia&parent=2422"}],"curies":[{"name":"wp","href":"https:\/\/api.w.org\/{rel}","templated":true}]}}