{"id":2353,"date":"2016-11-20T16:58:28","date_gmt":"2016-11-20T16:58:28","guid":{"rendered":"http:\/\/www.groupevocalarcenciel.fr\/?page_id=2353"},"modified":"2024-02-11T11:32:16","modified_gmt":"2024-02-11T10:32:16","slug":"concert-des-40-ans-de-chansons-provencales","status":"publish","type":"page","link":"https:\/\/www.groupevocalarcenciel.fr\/?page_id=2353","title":{"rendered":"Concert des 40 ans de chansons proven\u00e7ales"},"content":{"rendered":"<p><strong><span style=\"color: #ff00ff;\">La revue &lsquo;Nouvello de Prouven\u00e7o&rsquo; du mois d&rsquo;octobre pr\u00e9sente un article au sujet du concert donn\u00e9 par Guy BONNET pour le concert de ses 40 ans de chansons proven\u00e7ales auquel ont particip\u00e9 20 choristes du Groupe Vocal ARC en CIEL.<\/span><\/strong><\/p>\n<p><a href=\"https:\/\/www.groupevocalarcenciel.fr\/wp-content\/uploads\/2016\/11\/Page_1.jpg\"><img loading=\"lazy\" class=\"aligncenter size-full wp-image-2355\" src=\"https:\/\/www.groupevocalarcenciel.fr\/wp-content\/uploads\/2016\/11\/Page_1.jpg\" alt=\"page_1\" width=\"500\" height=\"547\" srcset=\"https:\/\/www.groupevocalarcenciel.fr\/wp-content\/uploads\/2016\/11\/Page_1.jpg 500w, https:\/\/www.groupevocalarcenciel.fr\/wp-content\/uploads\/2016\/11\/Page_1-274x300.jpg 274w\" sizes=\"(max-width: 500px) 100vw, 500px\" \/><\/a><a href=\"https:\/\/www.groupevocalarcenciel.fr\/wp-content\/uploads\/2016\/11\/Page_2.jpg\"><img loading=\"lazy\" class=\"aligncenter size-full wp-image-2356\" src=\"https:\/\/www.groupevocalarcenciel.fr\/wp-content\/uploads\/2016\/11\/Page_2.jpg\" alt=\"page_2\" width=\"450\" height=\"619\" srcset=\"https:\/\/www.groupevocalarcenciel.fr\/wp-content\/uploads\/2016\/11\/Page_2.jpg 450w, https:\/\/www.groupevocalarcenciel.fr\/wp-content\/uploads\/2016\/11\/Page_2-218x300.jpg 218w\" sizes=\"(max-width: 450px) 100vw, 450px\" \/><\/a><a href=\"https:\/\/www.groupevocalarcenciel.fr\/wp-content\/uploads\/2016\/11\/Page_3.jpg\"><img loading=\"lazy\" class=\"aligncenter size-full wp-image-2357\" src=\"https:\/\/www.groupevocalarcenciel.fr\/wp-content\/uploads\/2016\/11\/Page_3.jpg\" alt=\"page_3\" width=\"450\" height=\"629\" srcset=\"https:\/\/www.groupevocalarcenciel.fr\/wp-content\/uploads\/2016\/11\/Page_3.jpg 450w, https:\/\/www.groupevocalarcenciel.fr\/wp-content\/uploads\/2016\/11\/Page_3-214x300.jpg 214w\" sizes=\"(max-width: 450px) 100vw, 450px\" \/><\/a><a href=\"https:\/\/www.groupevocalarcenciel.fr\/wp-content\/uploads\/2016\/11\/Page_4.jpg\"><img loading=\"lazy\" class=\"aligncenter size-full wp-image-2358\" src=\"https:\/\/www.groupevocalarcenciel.fr\/wp-content\/uploads\/2016\/11\/Page_4.jpg\" alt=\"page_4\" width=\"450\" height=\"647\" srcset=\"https:\/\/www.groupevocalarcenciel.fr\/wp-content\/uploads\/2016\/11\/Page_4.jpg 450w, https:\/\/www.groupevocalarcenciel.fr\/wp-content\/uploads\/2016\/11\/Page_4-208x300.jpg 208w\" sizes=\"(max-width: 450px) 100vw, 450px\" \/><\/a><\/p>\n","protected":false},"excerpt":{"rendered":"<p>La revue &lsquo;Nouvello de Prouven\u00e7o&rsquo; du mois d&rsquo;octobre pr\u00e9sente un article au sujet du concert donn\u00e9 par Guy BONNET pour le concert de ses 40 ans de chansons proven\u00e7ales auquel ont particip\u00e9 20 choristes du Groupe Vocal ARC en CIEL.<\/p>\n","protected":false},"author":2,"featured_media":0,"parent":4084,"menu_order":10,"comment_status":"closed","ping_status":"closed","template":"","meta":[],"_links":{"self":[{"href":"https:\/\/www.groupevocalarcenciel.fr\/index.php?rest_route=\/wp\/v2\/pages\/2353"}],"collection":[{"href":"https:\/\/www.groupevocalarcenciel.fr\/index.php?rest_route=\/wp\/v2\/pages"}],"about":[{"href":"https:\/\/www.groupevocalarcenciel.fr\/index.php?rest_route=\/wp\/v2\/types\/page"}],"author":[{"embeddable":true,"href":"https:\/\/www.groupevocalarcenciel.fr\/index.php?rest_route=\/wp\/v2\/users\/2"}],"replies":[{"embeddable":true,"href":"https:\/\/www.groupevocalarcenciel.fr\/index.php?rest_route=%2Fwp%2Fv2%2Fcomments&post=2353"}],"version-history":[{"count":3,"href":"https:\/\/www.groupevocalarcenciel.fr\/index.php?rest_route=\/wp\/v2\/pages\/2353\/revisions"}],"predecessor-version":[{"id":4087,"href":"https:\/\/www.groupevocalarcenciel.fr\/index.php?rest_route=\/wp\/v2\/pages\/2353\/revisions\/4087"}],"up":[{"embeddable":true,"href":"https:\/\/www.groupevocalarcenciel.fr\/index.php?rest_route=\/wp\/v2\/pages\/4084"}],"wp:attachment":[{"href":"https:\/\/www.groupevocalarcenciel.fr\/index.php?rest_route=%2Fwp%2Fv2%2Fmedia&parent=2353"}],"curies":[{"name":"wp","href":"https:\/\/api.w.org\/{rel}","templated":true}]}}