{"id":2336,"date":"2016-10-17T20:10:56","date_gmt":"2016-10-17T20:10:56","guid":{"rendered":"http:\/\/www.groupevocalarcenciel.fr\/?page_id=2336"},"modified":"2024-02-11T12:31:40","modified_gmt":"2024-02-11T11:31:40","slug":"avec-guy-bonnet","status":"publish","type":"page","link":"https:\/\/www.groupevocalarcenciel.fr\/?page_id=2336","title":{"rendered":"CD avec Guy BONNET"},"content":{"rendered":"<p><strong>10 ans de collaboration avec Guy BONNET et 4 CD de belle qualit\u00e9 sur lesquels le Groupe Vocal ARC en CIEL est intervenu, nous dirions de plus en plus.<\/strong><\/p>\n<p><strong>Ces opportunit\u00e9s que nous a propos\u00e9es Guy BONNET ne peuvent pas rester lettres mortes.<\/strong><\/p>\n<p><strong>Ces disques m\u00e9ritent une \u00e9coute attentive. Guy BONNET a su faire vivre la langue proven\u00e7ale dans un style moderne et rajeuni. <\/strong><\/p>\n<p>&#8211; <strong>Reine<\/strong>, chanson compos\u00e9e pour l&rsquo;\u00e9lection de la derni\u00e8re Reine d&rsquo;Arles du 20 \u00e8me si\u00e8cle. Chose rare, c&rsquo;est Jean-Claude OUDOT qui en a fait l&rsquo;harmonisation.<\/p>\n<p><a href=\"https:\/\/www.groupevocalarcenciel.fr\/wp-content\/uploads\/2016\/10\/1-Reine.jpg\"><img loading=\"lazy\" class=\"aligncenter size-full wp-image-2595\" src=\"https:\/\/www.groupevocalarcenciel.fr\/wp-content\/uploads\/2016\/10\/1-Reine.jpg\" alt=\"1-Reine\" width=\"500\" height=\"490\" srcset=\"https:\/\/www.groupevocalarcenciel.fr\/wp-content\/uploads\/2016\/10\/1-Reine.jpg 500w, https:\/\/www.groupevocalarcenciel.fr\/wp-content\/uploads\/2016\/10\/1-Reine-300x294.jpg 300w\" sizes=\"(max-width: 500px) 100vw, 500px\" \/><\/a><\/p>\n<p>&#8211; <strong>Me dison Prouven\u00e7o<\/strong>, enregistr\u00e9 avec les chanteurs proven\u00e7aux amis de Guy BONNET (CHEOPS, Andr\u00e9 CHIRON, HOMBELINE, St\u00e9phane MANGANELLI, Jean-Bernard PLANTEVIN, I&rsquo;ANEN) et de super musiciens (Alain NOTARI, Pierre BRIFFA, Patrick MATHIEU, Christian MORNET, Laurent BONNET) avec le soutien du Collectif Prouven\u00e7o pr\u00e9sid\u00e9 par Jean-Pierre RICHARD.<\/p>\n<p><a href=\"https:\/\/www.groupevocalarcenciel.fr\/wp-content\/uploads\/2016\/10\/2-Me-dison.jpg\"><img loading=\"lazy\" class=\"aligncenter size-full wp-image-2596\" src=\"https:\/\/www.groupevocalarcenciel.fr\/wp-content\/uploads\/2016\/10\/2-Me-dison.jpg\" alt=\"2-Me dison\" width=\"500\" height=\"497\" srcset=\"https:\/\/www.groupevocalarcenciel.fr\/wp-content\/uploads\/2016\/10\/2-Me-dison.jpg 500w, https:\/\/www.groupevocalarcenciel.fr\/wp-content\/uploads\/2016\/10\/2-Me-dison-150x150.jpg 150w, https:\/\/www.groupevocalarcenciel.fr\/wp-content\/uploads\/2016\/10\/2-Me-dison-300x298.jpg 300w\" sizes=\"(max-width: 500px) 100vw, 500px\" \/><\/a><\/p>\n<p>&#8211;<strong>NO\u00cbL en PROVENCE<\/strong> : coop\u00e9ration totale entre Guy BONNET et le Groupe Vocal. des harmonisations de Denis LEININGER. Deux journ\u00e9es d&rsquo;enregistrement sous la Direction de notre ami Eric BRETON. Un CD de grande qualit\u00e9 et tr\u00e8s original&#8230;un travail de denteli\u00e8re&#8230;<\/p>\n<p><a href=\"https:\/\/www.groupevocalarcenciel.fr\/wp-content\/uploads\/2016\/10\/3-No\u00ebl.jpg\"><img loading=\"lazy\" class=\"aligncenter size-full wp-image-2597\" src=\"https:\/\/www.groupevocalarcenciel.fr\/wp-content\/uploads\/2016\/10\/3-No\u00ebl.jpg\" alt=\"3-No\u00ebl\" width=\"500\" height=\"451\" srcset=\"https:\/\/www.groupevocalarcenciel.fr\/wp-content\/uploads\/2016\/10\/3-No\u00ebl.jpg 500w, https:\/\/www.groupevocalarcenciel.fr\/wp-content\/uploads\/2016\/10\/3-No\u00ebl-300x270.jpg 300w\" sizes=\"(max-width: 500px) 100vw, 500px\" \/><\/a><\/p>\n<p><strong>&#8211; De Bruno \u00e0 Th\u00e9o<\/strong> : ballades entre souvenirs de Guy. Des harmonisations de Denis LEININGER, un gros travail de choeur et surtout, une cr\u00e9ation vocale de Claudine SCOLARI qui \u00e9claire de nombreux titres.<\/p>\n<p><a href=\"https:\/\/www.groupevocalarcenciel.fr\/wp-content\/uploads\/2016\/10\/4-de-Bruno.jpg\"><img loading=\"lazy\" class=\"aligncenter size-full wp-image-2598\" src=\"https:\/\/www.groupevocalarcenciel.fr\/wp-content\/uploads\/2016\/10\/4-de-Bruno.jpg\" alt=\"4-de Bruno\" width=\"500\" height=\"504\" srcset=\"https:\/\/www.groupevocalarcenciel.fr\/wp-content\/uploads\/2016\/10\/4-de-Bruno.jpg 500w, https:\/\/www.groupevocalarcenciel.fr\/wp-content\/uploads\/2016\/10\/4-de-Bruno-150x150.jpg 150w, https:\/\/www.groupevocalarcenciel.fr\/wp-content\/uploads\/2016\/10\/4-de-Bruno-297x300.jpg 297w\" sizes=\"(max-width: 500px) 100vw, 500px\" \/><\/a><\/p>\n","protected":false},"excerpt":{"rendered":"<p>10 ans de collaboration avec Guy BONNET et 4 CD de belle qualit\u00e9 sur lesquels le Groupe Vocal ARC en CIEL est intervenu, nous dirions de plus en plus. Ces opportunit\u00e9s que nous a propos\u00e9es Guy BONNET ne peuvent pas &hellip; <a href=\"https:\/\/www.groupevocalarcenciel.fr\/?page_id=2336\">Continuer la lecture <span class=\"meta-nav\">&rarr;<\/span><\/a><\/p>\n","protected":false},"author":2,"featured_media":0,"parent":4084,"menu_order":150,"comment_status":"closed","ping_status":"closed","template":"","meta":[],"_links":{"self":[{"href":"https:\/\/www.groupevocalarcenciel.fr\/index.php?rest_route=\/wp\/v2\/pages\/2336"}],"collection":[{"href":"https:\/\/www.groupevocalarcenciel.fr\/index.php?rest_route=\/wp\/v2\/pages"}],"about":[{"href":"https:\/\/www.groupevocalarcenciel.fr\/index.php?rest_route=\/wp\/v2\/types\/page"}],"author":[{"embeddable":true,"href":"https:\/\/www.groupevocalarcenciel.fr\/index.php?rest_route=\/wp\/v2\/users\/2"}],"replies":[{"embeddable":true,"href":"https:\/\/www.groupevocalarcenciel.fr\/index.php?rest_route=%2Fwp%2Fv2%2Fcomments&post=2336"}],"version-history":[{"count":7,"href":"https:\/\/www.groupevocalarcenciel.fr\/index.php?rest_route=\/wp\/v2\/pages\/2336\/revisions"}],"predecessor-version":[{"id":4098,"href":"https:\/\/www.groupevocalarcenciel.fr\/index.php?rest_route=\/wp\/v2\/pages\/2336\/revisions\/4098"}],"up":[{"embeddable":true,"href":"https:\/\/www.groupevocalarcenciel.fr\/index.php?rest_route=\/wp\/v2\/pages\/4084"}],"wp:attachment":[{"href":"https:\/\/www.groupevocalarcenciel.fr\/index.php?rest_route=%2Fwp%2Fv2%2Fmedia&parent=2336"}],"curies":[{"name":"wp","href":"https:\/\/api.w.org\/{rel}","templated":true}]}}