{"id":2261,"date":"2016-06-15T14:18:27","date_gmt":"2016-06-15T14:18:27","guid":{"rendered":"http:\/\/www.groupevocalarcenciel.fr\/?page_id=2261"},"modified":"2016-06-16T17:37:13","modified_gmt":"2016-06-16T17:37:13","slug":"les-reactions","status":"publish","type":"page","link":"https:\/\/www.groupevocalarcenciel.fr\/?page_id=2261","title":{"rendered":"Les r\u00e9actions"},"content":{"rendered":"<p><strong>Vous retrouverez ci-dessous les r\u00e9actions de nos amis.\u00a0 <span style=\"color: #000000;\">T<\/span><span style=\"color: #000000;\">out est dit. Il n&rsquo;y a rien\u00a0 \u00e0 ajouter pour d\u00e9finir le Groupe vocal ARC en CIEL.<\/span><\/strong><\/p>\n<p><span style=\"text-decoration: underline;\"><strong>&#8211; <span style=\"text-decoration: underline;\"><strong>Alain De CARMEJANE<\/strong><\/span>, Pr\u00e9sident de l&rsquo;Ensemble vocal du GOLO,\u00a0 :<\/strong><\/span><\/p>\n<p><span style=\"color: #000000;\"><strong><span style=\"font-size: medium;\">Ch(\u00e8)r(e)s ami(e)s du groupe vocal Arc en ciel,<\/span><span style=\"font-size: medium;\"><br \/>\n<\/span><\/strong><\/span><\/p>\n<p><span style=\"color: #000000;\"><strong><span style=\"font-size: medium;\">nous avons eu beaucoup de mal \u00e0 vous quitter, tant ces deux jours ont\u00a0\u00e9t\u00e9 forts en \u00e9motions!<br \/>\n<\/span><\/strong><\/span><\/p>\n<p><span style=\"color: #000000;\"><strong><span style=\"font-size: medium;\">Malgr\u00e9 la fatigue, nous sommes rentr\u00e9s heureux de vous avoir rencontr\u00e9s<br \/>\n<\/span><\/strong><\/span><\/p>\n<p><span style=\"color: #000000;\"><strong><span style=\"font-size: medium;\">Nous avons, gr\u00e2ce \u00e0 vous, d\u00e9cid\u00e9 de <em>vous copier<\/em>, pour, en avril 2017, chanter sans partitions!!!<br \/>\n<\/span><\/strong><\/span><\/p>\n<p><span style=\"color: #000000;\"><strong><span style=\"font-size: medium;\">Quel bonheur d&rsquo;avoir partag\u00e9 ce dimanche avec vous. <span style=\"text-decoration: underline;\">Ce fut notre plus belle journ\u00e9e!<\/span><span style=\"text-decoration: underline;\"><br \/>\n<\/span>M\u00eame si, Denis a horreur des compliments, tout l&rsquo;ensemble vocal de Golo, lui adresse sa reconnaissance.Vous nous avez d\u00e9montr\u00e9 une belle ma\u00eetrise du chant.<\/span><\/strong><\/span><\/p>\n<p><span style=\"font-size: medium;\"><span style=\"color: #000000;\"><strong>Antoine (le Chef de Choeur) et moi-m\u00eame, et, tous les choristes pr\u00e9sents les 11 et 12 juin, vous remercions pour votre accueil chaleureux, votre disposition sans compter \u00e0 nous assurer le bien \u00eatre, et, en un\u00a0mot, votre gentillesse qui nous a r\u00e9chauff\u00e9 les coeurs<\/strong>.<\/span><br \/>\n<\/span><\/p>\n<p><span style=\"text-decoration: underline;\"><strong><span style=\"color: #000000; text-decoration: underline;\">&#8211; Jean-Claude CUENCA, l&rsquo;un des choristes de l&rsquo;Ensemble vocal :<\/span><\/strong><\/span><\/p>\n<p>Juste un petit bonjour de notre Corse qui vous accueillera dans quelques mois. Merci encore, au nom du Bureau et de tous les choristes pour votre accueil chaleureux et la qualit\u00e9 de vos productions. Nous allons essayer de progresser dans votre direction mais les r\u00e9ticences sont nombreuses encore. Vous avez toutes les qualit\u00e9s que l&rsquo;on retrouve chez les corses: le sens de l&rsquo;accueil, la Tol\u00e9rance, la Simplicit\u00e9 et l&rsquo;Humilit\u00e9, la Solidarit\u00e9 m\u00eame et surtout dans l&rsquo;adversit\u00e9, la Fraternit\u00e9,\u00a0 la Discipline et l&rsquo;Amour du chant. Vous avez en Denis un chef remarquable qui vous conduira loin. Conservez le longtemps, m\u00eame dans &#8230;..l&rsquo;alcool, s&rsquo;il le faut.<br \/>\nNous resterons en contact par courriels: comme l&rsquo;Asparagus dans un bouquet&#8230;.. \u00e7a fait volume et c&rsquo;est pas cher. Amiti\u00e9s renouvel\u00e9es \u00e0 tous et A+.<br \/>\nJ.C. Cuenca, simple choriste du Golu<\/p>\n<p><span style=\"font-size: medium;\"><strong>&#8211;\u00a0 Eliane OBRECHT-LAURENCI\u00a0 Pr\u00e9sidente du choeur VOX CANTARIA :<\/strong><br \/>\n<\/span><\/p>\n<p><span style=\"font-size: small; color: #0000ff;\">Aux organisateurs Arc-en Ciel,<\/span><\/p>\n<p><span style=\"font-size: small; color: #0000ff;\">Un grand merci au nom de La chorale seynoise Vox Cantaria pour la r\u00e9ussite de ce rassemblement du 11 juin 2016 qui a enchant\u00e9 chacun et chacune de nos choristes!<\/span><\/p>\n<p><span style=\"font-size: small; color: #0000ff;\">Je me fais aussi l&rsquo;\u00e9cho des groupes vocaux Ma\u00eetres chanteurs de Toulon et de La Ciotat car bien des participants de ces deux groupes auxquels nous \u00e9tions associ\u00e9s ont exprim\u00e9 leur satisfaction et le bonheur qui a \u00e9t\u00e9 le leur la journ\u00e9e durant. <\/span><\/p>\n<p><span style=\"font-size: small; color: #0000ff;\">TOUS, choristes et chef de choeur, nous avons TOUT appr\u00e9ci\u00e9: l&rsquo;accueil chaleureux, l&rsquo;organisation impeccable, les attributions de PlaceS, la r\u00e9partition habile, la nettet\u00e9 des consignes pour les passages et l&rsquo;installation sur sc\u00e8ne, la perfection de la sonorisation, l&rsquo;id\u00e9e charmante des chants communs autour du public, et, bien s\u00fbr, la valeur ind\u00e9niable des groupes vocaux locaux et invit\u00e9s.<br \/>\n<\/span><\/p>\n<p><span style=\"font-size: small; color: #0000ff;\">Oui, ce fut un immense plaisir dans la joie d&rsquo;\u00e9couter, celle de donner, celle de partager.<\/span><\/p>\n<p><span style=\"font-size: small; color: #0000ff;\"> Ce que vous aviez souhait\u00e9, vous l&rsquo;avez fait, vous l&rsquo;avez r\u00e9ussi. <\/span><\/p>\n<p><span style=\"font-size: small; color: #0000ff;\">Bravo! Merci!<\/span><\/p>\n<p><span style=\"color: #0000ff; font-family: comic sans ms,sans-serif;\">\u00a0Eliane OBRECHT-LAURENCI,<\/span><\/p>\n<p><span style=\"color: #0000ff; font-family: comic sans ms,sans-serif;\">Pr\u00e9sidente de VOX CANTARIA<\/span><\/p>\n<p><span style=\"color: #cc33cc; font-size: medium;\">Quelle belle journ\u00e9e !!!!<\/p>\n<p>Aux nom de tout le Groupe Vocal Nuances je vous envoie mille mercis pour cette belle exp\u00e9rience pass\u00e9e en votre compagnie lors de Place aux Chansons .<\/p>\n<p>Bravo \u00e0 toute l&rsquo;\u00e9quipe d&rsquo;organisation pour son efficacit\u00e9 et disponibilit\u00e9&#8230;.<\/p>\n<p>Nous esp\u00e9rons vous revoir lors d&rsquo;un autre rassemblement, et nous n&rsquo;h\u00e9siterons pas de vous contacter si nous organisons un \u00e9v\u00e8nement \u00e0 Miramas.<\/p>\n<p>Bonnes vacances (m\u00e9rit\u00e9es !!) \u00e0 tous et \u00e0 bient\u00f4t..<\/p>\n<p>Musicalement votre &#8230;..\u00a0\u00a0 BABETH COLOMBINI (NUANCES)<\/span><\/p>\n","protected":false},"excerpt":{"rendered":"<p>Vous retrouverez ci-dessous les r\u00e9actions de nos amis.\u00a0 Tout est dit. Il n&rsquo;y a rien\u00a0 \u00e0 ajouter pour d\u00e9finir le Groupe vocal ARC en CIEL. &#8211; Alain De CARMEJANE, Pr\u00e9sident de l&rsquo;Ensemble vocal du GOLO,\u00a0 : Ch(\u00e8)r(e)s ami(e)s du groupe &hellip; <a href=\"https:\/\/www.groupevocalarcenciel.fr\/?page_id=2261\">Continuer la lecture <span class=\"meta-nav\">&rarr;<\/span><\/a><\/p>\n","protected":false},"author":2,"featured_media":0,"parent":2158,"menu_order":0,"comment_status":"closed","ping_status":"closed","template":"","meta":[],"_links":{"self":[{"href":"https:\/\/www.groupevocalarcenciel.fr\/index.php?rest_route=\/wp\/v2\/pages\/2261"}],"collection":[{"href":"https:\/\/www.groupevocalarcenciel.fr\/index.php?rest_route=\/wp\/v2\/pages"}],"about":[{"href":"https:\/\/www.groupevocalarcenciel.fr\/index.php?rest_route=\/wp\/v2\/types\/page"}],"author":[{"embeddable":true,"href":"https:\/\/www.groupevocalarcenciel.fr\/index.php?rest_route=\/wp\/v2\/users\/2"}],"replies":[{"embeddable":true,"href":"https:\/\/www.groupevocalarcenciel.fr\/index.php?rest_route=%2Fwp%2Fv2%2Fcomments&post=2261"}],"version-history":[{"count":6,"href":"https:\/\/www.groupevocalarcenciel.fr\/index.php?rest_route=\/wp\/v2\/pages\/2261\/revisions"}],"predecessor-version":[{"id":2273,"href":"https:\/\/www.groupevocalarcenciel.fr\/index.php?rest_route=\/wp\/v2\/pages\/2261\/revisions\/2273"}],"up":[{"embeddable":true,"href":"https:\/\/www.groupevocalarcenciel.fr\/index.php?rest_route=\/wp\/v2\/pages\/2158"}],"wp:attachment":[{"href":"https:\/\/www.groupevocalarcenciel.fr\/index.php?rest_route=%2Fwp%2Fv2%2Fmedia&parent=2261"}],"curies":[{"name":"wp","href":"https:\/\/api.w.org\/{rel}","templated":true}]}}