{"id":171,"date":"2011-08-22T11:04:04","date_gmt":"2011-08-22T11:04:04","guid":{"rendered":"http:\/\/arcenciel.levertige.fr\/?page_id=171"},"modified":"2023-02-07T17:45:31","modified_gmt":"2023-02-07T16:45:31","slug":"les-rencontres","status":"publish","type":"page","link":"https:\/\/www.groupevocalarcenciel.fr\/?page_id=171","title":{"rendered":"Les rencontres"},"content":{"rendered":"<p style=\"text-align: justify;\">Les cr\u00e9ations de spectacle du groupe vocal \u00ab Arc en Ciel \u00bb sont souvent l\u2019occasion d\u2019\u00e9tablir des rencontres avec des chanteurs compositeurs et interpr\u00e8tes et de cr\u00e9er ainsi des spectacles aux th\u00e8mes originaux comme :<br \/>\n&#8211; <strong>\u00ab Autour de Georges Brassens \u00bb<\/strong> avec Andr\u00e9 Chiron,<br \/>\n&#8211; <strong>\u00ab Ca va chanter \u00bb<\/strong> avec Andr\u00e9 Chiron, Guy Bonnet et Nicole Rieu (2 repr\u00e9sentations au th\u00e9\u00e2tre du \u00ab\u00a0Ch\u00eane Noir\u00a0\u00bb en mars 2007),<br \/>\n&#8211; <strong>\u00ab No\u00ebl ensemble \u00bb<\/strong> avec Guy Bonnet.<\/p>\n<p>Ces rencontres ont en autre d\u00e9bouch\u00e9 sur une collaboration depuis 8 ans avec Guy BONNET. Elle a permis la participation du groupe vocal \u00e0 des spectacles organis\u00e9s dans les ar\u00e8nes d\u2019Arles par le Collectif <strong>\u00ab\u00a0Me dison Prouven\u00e7o\u00a0\u00bb<\/strong> dont un avec l\u2019orchestre lyrique de la r\u00e9gion d\u2019Avignon sous la direction d\u2019Eric BRETON, musicien, compositeur et Chef d\u2019Orchestre. Elle a permis aussi au groupe vocal de contribuer \u00e0 l\u2019enregistrement de CD.<\/p>\n<p>Le groupe vocal \u00ab\u00a0Arc en Ciel\u00a0\u00bb a eu l&rsquo;occasion de chanter en premi\u00e8re partie de spectacles de I Muvrini et de Carlos Nunez.<\/p>\n<p>9 Octobre 2022 : Participation au spectacle d&rsquo;Amaury VASSILI. Un grand moment de convivialit\u00e9 musicale.<\/p>\n<p><img loading=\"lazy\" class=\"aligncenter size-full wp-image-3872\" src=\"https:\/\/www.groupevocalarcenciel.fr\/wp-content\/uploads\/2022\/10\/Concert_1.jpg\" alt=\"\" width=\"822\" height=\"448\" srcset=\"https:\/\/www.groupevocalarcenciel.fr\/wp-content\/uploads\/2022\/10\/Concert_1.jpg 822w, https:\/\/www.groupevocalarcenciel.fr\/wp-content\/uploads\/2022\/10\/Concert_1-300x164.jpg 300w, https:\/\/www.groupevocalarcenciel.fr\/wp-content\/uploads\/2022\/10\/Concert_1-768x419.jpg 768w\" sizes=\"(max-width: 822px) 100vw, 822px\" \/><\/p>\n","protected":false},"excerpt":{"rendered":"<p>Les cr\u00e9ations de spectacle du groupe vocal \u00ab Arc en Ciel \u00bb sont souvent l\u2019occasion d\u2019\u00e9tablir des rencontres avec des chanteurs compositeurs et interpr\u00e8tes et de cr\u00e9er ainsi des spectacles aux th\u00e8mes originaux comme : &#8211; \u00ab Autour de Georges &hellip; <a href=\"https:\/\/www.groupevocalarcenciel.fr\/?page_id=171\">Continuer la lecture <span class=\"meta-nav\">&rarr;<\/span><\/a><\/p>\n","protected":false},"author":1,"featured_media":0,"parent":33,"menu_order":18,"comment_status":"closed","ping_status":"closed","template":"","meta":[],"_links":{"self":[{"href":"https:\/\/www.groupevocalarcenciel.fr\/index.php?rest_route=\/wp\/v2\/pages\/171"}],"collection":[{"href":"https:\/\/www.groupevocalarcenciel.fr\/index.php?rest_route=\/wp\/v2\/pages"}],"about":[{"href":"https:\/\/www.groupevocalarcenciel.fr\/index.php?rest_route=\/wp\/v2\/types\/page"}],"author":[{"embeddable":true,"href":"https:\/\/www.groupevocalarcenciel.fr\/index.php?rest_route=\/wp\/v2\/users\/1"}],"replies":[{"embeddable":true,"href":"https:\/\/www.groupevocalarcenciel.fr\/index.php?rest_route=%2Fwp%2Fv2%2Fcomments&post=171"}],"version-history":[{"count":9,"href":"https:\/\/www.groupevocalarcenciel.fr\/index.php?rest_route=\/wp\/v2\/pages\/171\/revisions"}],"predecessor-version":[{"id":3931,"href":"https:\/\/www.groupevocalarcenciel.fr\/index.php?rest_route=\/wp\/v2\/pages\/171\/revisions\/3931"}],"up":[{"embeddable":true,"href":"https:\/\/www.groupevocalarcenciel.fr\/index.php?rest_route=\/wp\/v2\/pages\/33"}],"wp:attachment":[{"href":"https:\/\/www.groupevocalarcenciel.fr\/index.php?rest_route=%2Fwp%2Fv2%2Fmedia&parent=171"}],"curies":[{"name":"wp","href":"https:\/\/api.w.org\/{rel}","templated":true}]}}