{"id":1559,"date":"2014-09-22T17:37:23","date_gmt":"2014-09-22T17:37:23","guid":{"rendered":"http:\/\/www.groupevocalarcenciel.fr\/?page_id=1559"},"modified":"2026-02-24T12:30:02","modified_gmt":"2026-02-24T11:30:02","slug":"lequipe-technique","status":"publish","type":"page","link":"https:\/\/www.groupevocalarcenciel.fr\/?page_id=1559","title":{"rendered":"LesEquipes Techniques successives"},"content":{"rendered":"<p>R\u00e9gie son : S\u00e9bastien SCOLARI<\/p>\n<p>R\u00e9gie Lumi\u00e8re : Fr\u00e9d\u00e9ric SEISSON<\/p>\n<p><a href=\"https:\/\/www.groupevocalarcenciel.fr\/wp-content\/uploads\/2017\/03\/Equipe_technique.jpg\"><img loading=\"lazy\" class=\"aligncenter size-full wp-image-2565\" src=\"https:\/\/www.groupevocalarcenciel.fr\/wp-content\/uploads\/2017\/03\/Equipe_technique.jpg\" alt=\"Equipe_technique\" width=\"500\" height=\"256\" srcset=\"https:\/\/www.groupevocalarcenciel.fr\/wp-content\/uploads\/2017\/03\/Equipe_technique.jpg 500w, https:\/\/www.groupevocalarcenciel.fr\/wp-content\/uploads\/2017\/03\/Equipe_technique-300x153.jpg 300w\" sizes=\"(max-width: 500px) 100vw, 500px\" \/><\/a><\/p>\n<p>L&rsquo;\u00e9quipe technique des ann\u00e9es 80.<\/p>\n<p>Qui aurait pu penser que nous avions parmi nous de futurs \u00e9lus?<\/p>\n<p>Pour les f\u00e9rus de technique, ne loupez pas la superbe table de mixage achet\u00e9e Festival d&rsquo;Avignon.<\/p>\n<p><a href=\"https:\/\/www.groupevocalarcenciel.fr\/wp-content\/uploads\/2017\/03\/Equipe_technique_80.jpg\"><img loading=\"lazy\" class=\"aligncenter size-full wp-image-2566\" src=\"https:\/\/www.groupevocalarcenciel.fr\/wp-content\/uploads\/2017\/03\/Equipe_technique_80.jpg\" alt=\"Equipe_technique_80\" width=\"500\" height=\"308\" srcset=\"https:\/\/www.groupevocalarcenciel.fr\/wp-content\/uploads\/2017\/03\/Equipe_technique_80.jpg 500w, https:\/\/www.groupevocalarcenciel.fr\/wp-content\/uploads\/2017\/03\/Equipe_technique_80-300x184.jpg 300w\" sizes=\"(max-width: 500px) 100vw, 500px\" \/><\/a><\/p>\n<p>&nbsp;<\/p>\n","protected":false},"excerpt":{"rendered":"<p>R\u00e9gie son : S\u00e9bastien SCOLARI R\u00e9gie Lumi\u00e8re : Fr\u00e9d\u00e9ric SEISSON L&rsquo;\u00e9quipe technique des ann\u00e9es 80. Qui aurait pu penser que nous avions parmi nous de futurs \u00e9lus? Pour les f\u00e9rus de technique, ne loupez pas la superbe table de mixage &hellip; <a href=\"https:\/\/www.groupevocalarcenciel.fr\/?page_id=1559\">Continuer la lecture <span class=\"meta-nav\">&rarr;<\/span><\/a><\/p>\n","protected":false},"author":2,"featured_media":0,"parent":33,"menu_order":60,"comment_status":"closed","ping_status":"closed","template":"","meta":[],"_links":{"self":[{"href":"https:\/\/www.groupevocalarcenciel.fr\/index.php?rest_route=\/wp\/v2\/pages\/1559"}],"collection":[{"href":"https:\/\/www.groupevocalarcenciel.fr\/index.php?rest_route=\/wp\/v2\/pages"}],"about":[{"href":"https:\/\/www.groupevocalarcenciel.fr\/index.php?rest_route=\/wp\/v2\/types\/page"}],"author":[{"embeddable":true,"href":"https:\/\/www.groupevocalarcenciel.fr\/index.php?rest_route=\/wp\/v2\/users\/2"}],"replies":[{"embeddable":true,"href":"https:\/\/www.groupevocalarcenciel.fr\/index.php?rest_route=%2Fwp%2Fv2%2Fcomments&post=1559"}],"version-history":[{"count":4,"href":"https:\/\/www.groupevocalarcenciel.fr\/index.php?rest_route=\/wp\/v2\/pages\/1559\/revisions"}],"predecessor-version":[{"id":4165,"href":"https:\/\/www.groupevocalarcenciel.fr\/index.php?rest_route=\/wp\/v2\/pages\/1559\/revisions\/4165"}],"up":[{"embeddable":true,"href":"https:\/\/www.groupevocalarcenciel.fr\/index.php?rest_route=\/wp\/v2\/pages\/33"}],"wp:attachment":[{"href":"https:\/\/www.groupevocalarcenciel.fr\/index.php?rest_route=%2Fwp%2Fv2%2Fmedia&parent=1559"}],"curies":[{"name":"wp","href":"https:\/\/api.w.org\/{rel}","templated":true}]}}