{"id":1551,"date":"2014-09-22T17:28:57","date_gmt":"2014-09-22T17:28:57","guid":{"rendered":"http:\/\/www.groupevocalarcenciel.fr\/?page_id=1551"},"modified":"2021-11-03T09:55:32","modified_gmt":"2021-11-03T08:55:32","slug":"les-presidents-du-groupe-vocal","status":"publish","type":"page","link":"https:\/\/www.groupevocalarcenciel.fr\/?page_id=1551","title":{"rendered":"Les Pr\u00e9sidentes et Pr\u00e9sidents du Groupe Vocal"},"content":{"rendered":"<p>Sophie ROUX : 2021-<\/p>\n<p><img loading=\"lazy\" class=\"aligncenter  wp-image-3616\" src=\"https:\/\/www.groupevocalarcenciel.fr\/wp-content\/uploads\/2021\/11\/Pr\u00e9sidente-2021-2022.jpg\" alt=\"\" width=\"205\" height=\"353\" srcset=\"https:\/\/www.groupevocalarcenciel.fr\/wp-content\/uploads\/2021\/11\/Pr\u00e9sidente-2021-2022.jpg 311w, https:\/\/www.groupevocalarcenciel.fr\/wp-content\/uploads\/2021\/11\/Pr\u00e9sidente-2021-2022-174x300.jpg 174w\" sizes=\"(max-width: 205px) 100vw, 205px\" \/><\/p>\n<p>Yvette Faure : 2019-2021<\/p>\n<p><img loading=\"lazy\" class=\"aligncenter  wp-image-3459\" src=\"https:\/\/www.groupevocalarcenciel.fr\/wp-content\/uploads\/2020\/06\/Pr\u00e8sidente_Yvette.jpg\" alt=\"\" width=\"198\" height=\"286\" \/><\/p>\n<p>Eric BIOU : 2017 &#8211; 2019<a href=\"https:\/\/www.groupevocalarcenciel.fr\/wp-content\/uploads\/2014\/09\/Eric_Biou.jpg\"><img loading=\"lazy\" class=\"aligncenter wp-image-2589\" src=\"https:\/\/www.groupevocalarcenciel.fr\/wp-content\/uploads\/2014\/09\/Eric_Biou.jpg\" alt=\"Eric_Biou\" width=\"204\" height=\"226\" srcset=\"https:\/\/www.groupevocalarcenciel.fr\/wp-content\/uploads\/2014\/09\/Eric_Biou.jpg 300w, https:\/\/www.groupevocalarcenciel.fr\/wp-content\/uploads\/2014\/09\/Eric_Biou-271x300.jpg 271w\" sizes=\"(max-width: 204px) 100vw, 204px\" \/><\/a><\/p>\n<p>Patrick MACQUET : 2014- 2017<\/p>\n<p><a href=\"https:\/\/www.groupevocalarcenciel.fr\/wp-content\/uploads\/2014\/09\/Patrick_Macquet.jpg\"><img loading=\"lazy\" class=\"aligncenter wp-image-2587\" src=\"https:\/\/www.groupevocalarcenciel.fr\/wp-content\/uploads\/2014\/09\/Patrick_Macquet.jpg\" alt=\"Patrick_Macquet\" width=\"205\" height=\"297\" srcset=\"https:\/\/www.groupevocalarcenciel.fr\/wp-content\/uploads\/2014\/09\/Patrick_Macquet.jpg 450w, https:\/\/www.groupevocalarcenciel.fr\/wp-content\/uploads\/2014\/09\/Patrick_Macquet-207x300.jpg 207w\" sizes=\"(max-width: 205px) 100vw, 205px\" \/><\/a><\/p>\n<p>Eric BIOU : 2009 &#8211; 2014 <a href=\"https:\/\/www.groupevocalarcenciel.fr\/wp-content\/uploads\/2014\/09\/Eric_Biou.jpg\"><img loading=\"lazy\" class=\"aligncenter wp-image-2589\" src=\"https:\/\/www.groupevocalarcenciel.fr\/wp-content\/uploads\/2014\/09\/Eric_Biou.jpg\" alt=\"Eric_Biou\" width=\"204\" height=\"226\" srcset=\"https:\/\/www.groupevocalarcenciel.fr\/wp-content\/uploads\/2014\/09\/Eric_Biou.jpg 300w, https:\/\/www.groupevocalarcenciel.fr\/wp-content\/uploads\/2014\/09\/Eric_Biou-271x300.jpg 271w\" sizes=\"(max-width: 204px) 100vw, 204px\" \/><\/a><\/p>\n<p>Patrick MERINDOL : 2006 &#8211; 2009<\/p>\n<p><img loading=\"lazy\" class=\"aligncenter wp-image-2588\" src=\"https:\/\/www.groupevocalarcenciel.fr\/wp-content\/uploads\/2014\/09\/Patrick_MERINDOL.jpg\" alt=\"Patrick_MERINDOL\" width=\"211\" height=\"298\" srcset=\"https:\/\/www.groupevocalarcenciel.fr\/wp-content\/uploads\/2014\/09\/Patrick_MERINDOL.jpg 400w, https:\/\/www.groupevocalarcenciel.fr\/wp-content\/uploads\/2014\/09\/Patrick_MERINDOL-212x300.jpg 212w\" sizes=\"(max-width: 211px) 100vw, 211px\" \/><\/p>\n<p>Alain ESTEVE : 1985 &#8211; 2006<\/p>\n<p>le premier Pr\u00e9sident et Co-fondateur du Groupe Vocal ARC en CIEL<\/p>\n<p><a href=\"https:\/\/www.groupevocalarcenciel.fr\/wp-content\/uploads\/2014\/09\/Alain_ESTEVE.jpg\"><img loading=\"lazy\" class=\"aligncenter wp-image-2590\" src=\"https:\/\/www.groupevocalarcenciel.fr\/wp-content\/uploads\/2014\/09\/Alain_ESTEVE.jpg\" alt=\"Alain_ESTEVE\" width=\"235\" height=\"368\" srcset=\"https:\/\/www.groupevocalarcenciel.fr\/wp-content\/uploads\/2014\/09\/Alain_ESTEVE.jpg 350w, https:\/\/www.groupevocalarcenciel.fr\/wp-content\/uploads\/2014\/09\/Alain_ESTEVE-191x300.jpg 191w\" sizes=\"(max-width: 235px) 100vw, 235px\" \/><\/a><\/p>\n<p>Fran\u00e7ois LINSOLAS, Chef de Ch\u0153ur de la chorale qui deviendra le Groupe Vocal Arc en Ciel, notre Pr\u00e9sident d&rsquo;Honneur qui nous a quitt\u00e9s en 2013.<\/p>\n<p><a href=\"https:\/\/www.groupevocalarcenciel.fr\/wp-content\/uploads\/2014\/09\/FL1.jpg\"><img loading=\"lazy\" class=\"aligncenter size-full wp-image-2591\" src=\"https:\/\/www.groupevocalarcenciel.fr\/wp-content\/uploads\/2014\/09\/FL1.jpg\" alt=\"FL1\" width=\"600\" height=\"266\" srcset=\"https:\/\/www.groupevocalarcenciel.fr\/wp-content\/uploads\/2014\/09\/FL1.jpg 600w, https:\/\/www.groupevocalarcenciel.fr\/wp-content\/uploads\/2014\/09\/FL1-300x133.jpg 300w\" sizes=\"(max-width: 600px) 100vw, 600px\" \/><\/a><\/p>\n","protected":false},"excerpt":{"rendered":"<p>Sophie ROUX : 2021- Yvette Faure : 2019-2021 Eric BIOU : 2017 &#8211; 2019 Patrick MACQUET : 2014- 2017 Eric BIOU : 2009 &#8211; 2014 Patrick MERINDOL : 2006 &#8211; 2009 Alain ESTEVE : 1985 &#8211; 2006 le premier Pr\u00e9sident &hellip; <a href=\"https:\/\/www.groupevocalarcenciel.fr\/?page_id=1551\">Continuer la lecture <span class=\"meta-nav\">&rarr;<\/span><\/a><\/p>\n","protected":false},"author":2,"featured_media":0,"parent":33,"menu_order":1,"comment_status":"closed","ping_status":"closed","template":"","meta":[],"_links":{"self":[{"href":"https:\/\/www.groupevocalarcenciel.fr\/index.php?rest_route=\/wp\/v2\/pages\/1551"}],"collection":[{"href":"https:\/\/www.groupevocalarcenciel.fr\/index.php?rest_route=\/wp\/v2\/pages"}],"about":[{"href":"https:\/\/www.groupevocalarcenciel.fr\/index.php?rest_route=\/wp\/v2\/types\/page"}],"author":[{"embeddable":true,"href":"https:\/\/www.groupevocalarcenciel.fr\/index.php?rest_route=\/wp\/v2\/users\/2"}],"replies":[{"embeddable":true,"href":"https:\/\/www.groupevocalarcenciel.fr\/index.php?rest_route=%2Fwp%2Fv2%2Fcomments&post=1551"}],"version-history":[{"count":10,"href":"https:\/\/www.groupevocalarcenciel.fr\/index.php?rest_route=\/wp\/v2\/pages\/1551\/revisions"}],"predecessor-version":[{"id":3619,"href":"https:\/\/www.groupevocalarcenciel.fr\/index.php?rest_route=\/wp\/v2\/pages\/1551\/revisions\/3619"}],"up":[{"embeddable":true,"href":"https:\/\/www.groupevocalarcenciel.fr\/index.php?rest_route=\/wp\/v2\/pages\/33"}],"wp:attachment":[{"href":"https:\/\/www.groupevocalarcenciel.fr\/index.php?rest_route=%2Fwp%2Fv2%2Fmedia&parent=1551"}],"curies":[{"name":"wp","href":"https:\/\/api.w.org\/{rel}","templated":true}]}}