{"id":1450,"date":"2014-06-09T09:53:03","date_gmt":"2014-06-09T09:53:03","guid":{"rendered":"http:\/\/www.groupevocalarcenciel.fr\/?page_id=1450"},"modified":"2019-11-10T11:25:52","modified_gmt":"2019-11-10T10:25:52","slug":"places-aux-chansons","status":"publish","type":"page","link":"https:\/\/www.groupevocalarcenciel.fr\/?page_id=1450","title":{"rendered":"PlaceS aux Chansons"},"content":{"rendered":"<p>&nbsp;<\/p>\n<p>&nbsp;<\/p>\n<h3><span style=\"color: #008000;\">PlaceS aux Chansons, c&rsquo;est fait et de quelle mani\u00e8re!<\/span><\/h3>\n<p>&nbsp;<\/p>\n<h3><span style=\"color: #008000;\">Une super \u00e9quipe d&rsquo;organisation au sein du Groupe Vocal ARC en CIEL a men\u00e9 de main de ma\u00eetre cette apr\u00e8s-midi de rassemblement pour le plus grand plaisir des choeurs invit\u00e9s et du public venu nombreux d\u00e9couvrir diff\u00e9rentes facettes du chant.<\/span><\/h3>\n<p>&nbsp;<\/p>\n<h3><span style=\"color: #008000;\">Les mails des choeurs invit\u00e9s sont l\u00e0 pour remercier l&rsquo;ensemble du Groupe Vocal ARC en CIEL pour cet \u00e9v\u00e8nement inattendu&#8230;mais \u00f4 combien pr\u00e9par\u00e9!!!<\/span><\/h3>\n<p>&nbsp;<\/p>\n<p><a href=\"https:\/\/www.groupevocalarcenciel.fr\/wp-content\/uploads\/2012\/02\/article_20140701001_R.jpg\"><img loading=\"lazy\" class=\"aligncenter size-full wp-image-1469\" title=\"article_20140701001_R\" src=\"https:\/\/www.groupevocalarcenciel.fr\/wp-content\/uploads\/2012\/02\/article_20140701001_R.jpg\" alt=\"\" width=\"500\" height=\"560\"><\/a><\/p>\n<p>&nbsp;<\/p>\n<h3><span style=\"text-decoration: underline;\"><strong>Chorale l&rsquo;Escandihado de Fontvieille<\/strong><\/span><\/h3>\n<p>&nbsp;<\/p>\n<p>Bonjour \u00e0 toutes et \u00e0 tous,<\/p>\n<p>&nbsp;<\/p>\n<p>C\u2019est avec grand plaisir que l\u2019Escandihado de Fontvieille a particip\u00e9 \u00e0 la rencontre-anniversaire des 30 ans d\u2019Arc en Ciel. Des retrouvailles sympathiques, un partage musical chaleureux avec L\u2019Air de Rien et R\u00e9my \u00e0 l\u2019ombre de la Place du Trail, la d\u00e9couverte de tous les groupes lors du final\u2026 autant de moments de convivialit\u00e9 qui nous ont \u00e9t\u00e9 offerts !<\/p>\n<p>&nbsp;<\/p>\n<p>Un grand merci&nbsp; \u00e0 Denis, Eric, Christine, Patrick&nbsp; et toute leur \u00e9quipe pour l\u2019accueil, la logistique sans faille, la musique partag\u00e9e, sans oublier la bonne table qui a conclu la soir\u00e9e.<\/p>\n<p>&nbsp;<\/p>\n<p>Bonne musique et encore bon anniversaire !<\/p>\n<p>&nbsp;<\/p>\n<p><span style=\"color: #000000;\"> Christian Guiraud et Alain Menier<\/span><\/p>\n<p>&nbsp;<\/p>\n<p><span style=\"text-decoration: underline;\"><strong>Choeurs Fr\u00e9quence et D\u00e96bels des Angles<\/strong><\/span><\/p>\n<p>&nbsp;<\/p>\n<p>Bonjour les amis choristes,<\/p>\n<p>&nbsp;<\/p>\n<p>Un grand merci \u00e0 tous, ce fut une excellente apr\u00e8s midi en chansons. Nous nous sommes r\u00e9gal\u00e9s\u2026vivement la prochaine.<br \/>\nMerci \u00e0 Arc en ciel de nous avoir fait participer \u00e0 ce grand \u00e9v\u00e9nement, merci pour l\u2019accueil et pour l\u2019organisation, une r\u00e9ussite \u00e0 tout point de vue.<br \/>\nEn attendant d\u2019autres exp\u00e9riences comme celle ci au cours desquelles nous pourrions de nouveau faire de sympathiques rencontres, reposez vous bien et bonnes vacances aux 350 choristes.<br \/>\nMusicalement<br \/>\nChristian R\u00e9<br \/>\nD\u00e96bel \/ Fr\u00e9quence<\/p>\n<p>&nbsp;<\/p>\n<p><span style=\"text-decoration: underline;\"><strong>Chorale Sainte C\u00e9cile de Rognonas :<\/strong><\/span><\/p>\n<p>&nbsp;<\/p>\n<p><span style=\"font-size: medium;\">Bonjour Denis,<\/span><\/p>\n<p>&nbsp;<\/p>\n<p>Tous les choristes de Rognonas se joignent \u00e0 moi pour vous remercier pour votre accueil et le travail colossal que vous avez fourni pour nous offrir cette magnifique journ\u00e9e tant d&rsquo;un point de vue organisationnel que musical ou humain. De belles rencontres, de beaux moments partag\u00e9s&#8230; pour une premi\u00e8re, c&rsquo;\u00e9tait super! Si \u00e7a vous dit de renouveler l&rsquo;exp\u00e9rience et que vous voulez encore de nous, ce sera avec plaisir.<\/p>\n<p>&nbsp;<\/p>\n<p><span style=\"text-decoration: underline;\"><strong>La R\u00e9galide de Ch\u00e2teaurenard :<\/strong><\/span><\/p>\n<p>&nbsp;<\/p>\n<p>en tout premier f\u00e9licitation pour l&rsquo;organisation d&rsquo;hier soir et le mal que cela vous a donn\u00e9 ensuite grand merci pour le plaisir que vous nous avez procur\u00e9 non seulement de participer mais aussi de pouvoir \u00e9couter d&rsquo;autre chorales et aussi la gentillesse dont tu as fait preuve a notre \u00e9gard laRegalide te dis merci ainsi qu&rsquo;a ARC EN CIEL&nbsp; Odette<\/p>\n<p>&nbsp;<\/p>\n<p><strong>&nbsp;<span style=\"text-decoration: underline;\">Le Tire-Fond d&rsquo;Avignon:<\/span><\/strong><\/p>\n<p>&nbsp;<\/p>\n<p>Un immense BRAVO \u00e0 toute ton \u00e9quipe pour le \u00ab\u00a0boulot\u00a0\u00bb accompli avec \u00e9nergie et sourires. Concernant le Tirefond, une pens\u00e9e particuli\u00e8re pour Claudine, notre sympathique h\u00f4tesse&nbsp;Quel accueil formidable et quelle organisation ! chapeau !!<\/p>\n<p>&nbsp;<\/p>\n<p>merci aussi \u00e0 la municipalit\u00e9 de Ch\u00e2teaurenard pour vous avoir suivi dans cette folle aventure et merci aussi \u00e0 toi pour nous avoir permis de partager ces moments tr\u00e8s conviviaux que nous ne sommes pas pr\u00eats d&rsquo;oublier.<\/p>\n<p>&nbsp;<\/p>\n<p>Nous vous souhaitons \u00e0 tous de tr\u00e8s bonnes vacances.<\/p>\n<p>&nbsp;<\/p>\n<p>au plaisir de se revoir dans d&rsquo;autres circonstances aussi agr\u00e9ables.<\/p>\n<p>&nbsp;<\/p>\n<p><span style=\"text-decoration: underline;\"><strong>L&rsquo;Air de Rien d&rsquo;Avignon:<\/strong><\/span><\/p>\n<p>&nbsp;<\/p>\n<p>R\u00e9my, le bureau et tous les choristes du groupe vocal \u00ab\u00a0L&rsquo;AIR DE RIEN\u00a0\u00bb vous remercient tr\u00e8s chaleureusement de votre invitation \u00e0 ce 30\u00e8me anniversaire, ce samedi 28 juin 2014.Cette journ\u00e9e restera inscrite dans nos m\u00e9moires pour tr\u00e8s longtemps !!!!!La rencontre, le partage, les talents des diverses chorales ont particip\u00e9 \u00e0 la r\u00e9ussite de ce moment festif.Vraiment, nous tenions \u00e0 f\u00e9liciter les organisateurs du groupe vocal L&rsquo;ARC-EN-CIEL, leur chef de choeur Denis et tous les choristes qui ont su avec brio accueillir, accompagner, g\u00e9rer 350 choristes avec aisance, permettant \u00e0 chaque groupe de vivre de bons moments de chant, d&rsquo;\u00e9motions et de plaisir partag\u00e9.Logistique : impeccable !! Accueil et accompagnement : impeccable !! timing : impeccable !!! soir\u00e9e dinatoire: impeccable !!!A notre avis, ce n&rsquo;est plus les couleurs de l&rsquo;arc-en-ciel que vous nous avez offert mais le bouquet final d&rsquo;un feu d&rsquo;artifice, haut en couleurs. Un petit clin d&rsquo;oeil \u00e0 Isabelle et Charlotte, nos charmantes accompagnatrices qui, tout au long de l&rsquo;apr\u00e8s-midi, ont \u00e9t\u00e9 attentives et disponibles \u00e0 tout un chacun.A tr\u00e8s bient\u00f4t pour partager de nouvelles aventures chantantes &nbsp;&nbsp; .<\/p>\n<p><span style=\"color: #0000ff;\"><strong><br \/>\nQuelques photos marquantes de PlaceS aux Chansons. Bien s\u00fbr, il y en aura d&rsquo;autres.<\/strong><\/span><\/p>\n<p><span style=\"color: #0000ff;\"><strong>R\u00e9union des trois Pr\u00e9sidents successifs d&rsquo;Arc en CIEL, premiers mots de notre nouvelle Adjointe \u00e0 la Culture, Sylvie PENCHINAT et moment chaleureux en pr\u00e9sence du D\u00e9put\u00e9-Maire de Ch\u00e2teaurenard, Bernard REYNES. Merci \u00e0 tous pour votre pr\u00e9sence.<\/strong><\/span><\/p>\n<p><strong><span style=\"color: #ff0000;\">Maintenant, on peut d\u00e9voiler un&nbsp; secret bien gard\u00e9. Le futur Pr\u00e9sident d&rsquo;ARC en CIEL, Patrick MACQUET \u00e9tait en embuscade au milieu des basses. Savait-il \u00e0 ce moment-l\u00e0 qu&rsquo;il serait Pr\u00e9sident du Groupe????<\/span><\/strong><\/p>\n<p><a href=\"https:\/\/www.groupevocalarcenciel.fr\/wp-content\/uploads\/2014\/06\/IMG_8210.CR2_.jpg\"><img loading=\"lazy\" class=\"aligncenter size-full wp-image-1472\" title=\"IMG_8210.CR2\" src=\"https:\/\/www.groupevocalarcenciel.fr\/wp-content\/uploads\/2014\/06\/IMG_8210.CR2_.jpg\" alt=\"\" width=\"500\" height=\"333\"><\/a><\/p>\n<p><a href=\"https:\/\/www.groupevocalarcenciel.fr\/wp-content\/uploads\/2014\/06\/IMG_8217.CR2_.jpg\"><img loading=\"lazy\" class=\"aligncenter size-full wp-image-1473\" title=\"IMG_8217.CR2\" src=\"https:\/\/www.groupevocalarcenciel.fr\/wp-content\/uploads\/2014\/06\/IMG_8217.CR2_.jpg\" alt=\"\" width=\"500\" height=\"282\"><\/a><\/p>\n<p><a href=\"https:\/\/www.groupevocalarcenciel.fr\/wp-content\/uploads\/2014\/06\/IMG_8223.CR2_.jpg\"><img loading=\"lazy\" class=\"aligncenter size-full wp-image-1474\" title=\"IMG_8223.CR2\" src=\"https:\/\/www.groupevocalarcenciel.fr\/wp-content\/uploads\/2014\/06\/IMG_8223.CR2_.jpg\" alt=\"\" width=\"600\" height=\"227\"><\/a><\/p>\n<p>&nbsp;<\/p>\n<p>&nbsp;<\/p>\n<p>&nbsp;<\/p>\n","protected":false},"excerpt":{"rendered":"<p>&nbsp; &nbsp; PlaceS aux Chansons, c&rsquo;est fait et de quelle mani\u00e8re! &nbsp; Une super \u00e9quipe d&rsquo;organisation au sein du Groupe Vocal ARC en CIEL a men\u00e9 de main de ma\u00eetre cette apr\u00e8s-midi de rassemblement pour le plus grand plaisir des &hellip; <a href=\"https:\/\/www.groupevocalarcenciel.fr\/?page_id=1450\">Continuer la lecture <span class=\"meta-nav\">&rarr;<\/span><\/a><\/p>\n","protected":false},"author":2,"featured_media":0,"parent":0,"menu_order":500,"comment_status":"closed","ping_status":"closed","template":"","meta":[],"_links":{"self":[{"href":"https:\/\/www.groupevocalarcenciel.fr\/index.php?rest_route=\/wp\/v2\/pages\/1450"}],"collection":[{"href":"https:\/\/www.groupevocalarcenciel.fr\/index.php?rest_route=\/wp\/v2\/pages"}],"about":[{"href":"https:\/\/www.groupevocalarcenciel.fr\/index.php?rest_route=\/wp\/v2\/types\/page"}],"author":[{"embeddable":true,"href":"https:\/\/www.groupevocalarcenciel.fr\/index.php?rest_route=\/wp\/v2\/users\/2"}],"replies":[{"embeddable":true,"href":"https:\/\/www.groupevocalarcenciel.fr\/index.php?rest_route=%2Fwp%2Fv2%2Fcomments&post=1450"}],"version-history":[{"count":6,"href":"https:\/\/www.groupevocalarcenciel.fr\/index.php?rest_route=\/wp\/v2\/pages\/1450\/revisions"}],"predecessor-version":[{"id":3290,"href":"https:\/\/www.groupevocalarcenciel.fr\/index.php?rest_route=\/wp\/v2\/pages\/1450\/revisions\/3290"}],"wp:attachment":[{"href":"https:\/\/www.groupevocalarcenciel.fr\/index.php?rest_route=%2Fwp%2Fv2%2Fmedia&parent=1450"}],"curies":[{"name":"wp","href":"https:\/\/api.w.org\/{rel}","templated":true}]}}